{"id":11567,"date":"2022-02-21T12:51:37","date_gmt":"2022-02-21T16:51:37","guid":{"rendered":"https:\/\/www.slidup.com\/us\/?page_id=11567"},"modified":"2024-04-10T10:49:23","modified_gmt":"2024-04-10T14:49:23","slug":"sobre-nosotros","status":"publish","type":"page","link":"https:\/\/www.slidup.com\/us\/es\/sobre-nosotros\/","title":{"rendered":"Sobre nosotros"},"content":{"rendered":"<h2>MANTION USA<\/h2>\n<p><em>MANTION est\u00e1 especializada en herrajes para puertas correderas y de bolsillo, as\u00ed como para aplicaciones interiores y exteriores.<\/em><\/p>\n<p>Nuestros productos se desarrollan y fabrican \u00edntegramente en nuestra sede en Europa (principalmente en Francia) y se ajustan a las normas de calidad m\u00e1s exigentes del sector (norma europea EN 1527).<\/p>\n<p>Vendemos nuestros productos al mercado de consumo a trav\u00e9s de nuestra marca, SLID&#8217;UP by MANTION. Nuestro almac\u00e9n est\u00e1 situado en Lawrenceville, Georgia.<\/p>\n<p>En MANTION USA, nuestra misi\u00f3n es ayudarle a encontrar el herraje para puertas correderas adecuado a sus necesidades y especificaciones. Nuestro equipo trabaja constantemente en la ampliaci\u00f3n de las ofertas para satisfacer sus requisitos.<\/p>\n<p>Nuestra selecci\u00f3n incluye herrajes para:<\/p>\n<ul>\n<li>Puertas correderas, plegables y de bolsillo<\/li>\n<li>Puertas de armarios y roperos<\/li>\n<li>Puertas de muebles<\/li>\n<li>Puertas de vidrio<\/li>\n<li>Puertas pesadas<\/li>\n<li>Puertas exteriores<\/li>\n<\/ul>\n<p>Ofrecemos kits completos listos para instalar, kits de rodillos deslizantes, rieles y accesorios. Todos nuestros productos tienen 5 a\u00f1os de garant\u00eda.<\/p>\n<p>Y lo que es m\u00e1s importante, nuestro equipo especializado est\u00e1 aqu\u00ed para ayudarle en todas las fases de su proyecto, desde la planificaci\u00f3n\/dise\u00f1o hasta la instalaci\u00f3n.<\/p>\n<p>Estamos disponibles por tel\u00e9fono en el <a href=\"tel:+18666268466\">+1 (866) 626-8466<\/a> (llamada gratuita) de lunes a viernes de 8:00 am a 4:30 pm (EST). Tambi\u00e9n puede enviarnos un correo electr\u00f3nico a <a href=\"mailto:contact.us@slidup.com\">contact.us@slidup.com<\/a> o hablar con un agente a trav\u00e9s del chat en vivo.<\/p>\n<p><strong>MANTION USA<\/strong><br \/>\n450 7th avenue, suite 1501<br \/>\nNew York, New York, 10123<br \/>\nTel\u00e9fono: <a href=\"tel:+18666268466\">+1 (866) 626-8466<\/a><\/p>\n","protected":false},"excerpt":{"rendered":"<p>MANTION USA MANTION est\u00e1 especializada en herrajes para puertas correderas y de bolsillo, as\u00ed como para aplicaciones interiores y exteriores. Nuestros productos se desarrollan y fabrican \u00edntegramente en nuestra sede en Europa (principalmente en Francia) y se ajustan a las normas de calidad m\u00e1s exigentes del sector (norma europea EN 1527). Vendemos nuestros productos al &hellip; <a href=\"https:\/\/www.slidup.com\/us\/es\/sobre-nosotros\/\">Continued<\/a><\/p>\n","protected":false},"author":4,"featured_media":0,"parent":0,"menu_order":0,"comment_status":"closed","ping_status":"closed","template":"template-pages\/tpl-about.php","meta":{"_relevanssi_hide_post":"","_relevanssi_hide_content":"","_relevanssi_pin_for_all":"","_relevanssi_pin_keywords":"","_relevanssi_unpin_keywords":"","_relevanssi_related_keywords":"","_relevanssi_related_include_ids":"","_relevanssi_related_exclude_ids":"","_relevanssi_related_no_append":"","_relevanssi_related_not_related":"","_relevanssi_related_posts":"","_relevanssi_noindex_reason":"","footnotes":""},"class_list":["post-11567","page","type-page","status-publish","hentry"],"acf":[],"yoast_head":"<!-- This site is optimized with the Yoast SEO plugin v26.2 - https:\/\/yoast.com\/wordpress\/plugins\/seo\/ -->\n<title>Sobre nosotros - SLID&#039;UP by MANTION USA<\/title>\n<meta name=\"description\" content=\"Durante 100 a\u00f1os, Mantion ha sido un orgulloso fabricante de herrajes para puertas correderas: bolsillo, armario, vidrio, exteriores.\" \/>\n<meta name=\"robots\" content=\"index, follow, max-snippet:-1, max-image-preview:large, max-video-preview:-1\" \/>\n<link rel=\"canonical\" href=\"https:\/\/www.slidup.com\/us\/es\/sobre-nosotros\/\" \/>\n<meta property=\"og:locale\" content=\"es_ES\" \/>\n<meta property=\"og:type\" content=\"article\" \/>\n<meta property=\"og:title\" content=\"Sobre nosotros - SLID&#039;UP by MANTION USA\" \/>\n<meta property=\"og:description\" content=\"Durante 100 a\u00f1os, Mantion ha sido un orgulloso fabricante de herrajes para puertas correderas: bolsillo, armario, vidrio, exteriores.\" \/>\n<meta property=\"og:url\" content=\"https:\/\/www.slidup.com\/us\/es\/sobre-nosotros\/\" \/>\n<meta property=\"og:site_name\" content=\"Slid&#039;up USA\" \/>\n<meta property=\"article:modified_time\" content=\"2024-04-10T14:49:23+00:00\" \/>\n<meta name=\"twitter:card\" content=\"summary_large_image\" \/>\n<meta name=\"twitter:label1\" content=\"Tiempo de lectura\" \/>\n\t<meta name=\"twitter:data1\" content=\"2 minutos\" \/>\n<script type=\"application\/ld+json\" class=\"yoast-schema-graph\">{\"@context\":\"https:\/\/schema.org\",\"@graph\":[{\"@type\":\"WebPage\",\"@id\":\"https:\/\/www.slidup.com\/us\/es\/sobre-nosotros\/\",\"url\":\"https:\/\/www.slidup.com\/us\/es\/sobre-nosotros\/\",\"name\":\"Sobre nosotros - SLID'UP by MANTION USA\",\"isPartOf\":{\"@id\":\"https:\/\/www.slidup.com\/us\/#website\"},\"datePublished\":\"2022-02-21T16:51:37+00:00\",\"dateModified\":\"2024-04-10T14:49:23+00:00\",\"description\":\"Durante 100 a\u00f1os, Mantion ha sido un orgulloso fabricante de herrajes para puertas correderas: bolsillo, armario, vidrio, exteriores.\",\"breadcrumb\":{\"@id\":\"https:\/\/www.slidup.com\/us\/es\/sobre-nosotros\/#breadcrumb\"},\"inLanguage\":\"es\",\"potentialAction\":[{\"@type\":\"ReadAction\",\"target\":[\"https:\/\/www.slidup.com\/us\/es\/sobre-nosotros\/\"]}]},{\"@type\":\"BreadcrumbList\",\"@id\":\"https:\/\/www.slidup.com\/us\/es\/sobre-nosotros\/#breadcrumb\",\"itemListElement\":[{\"@type\":\"ListItem\",\"position\":1,\"name\":\"Home\",\"item\":\"https:\/\/www.slidup.com\/us\/es\/\"},{\"@type\":\"ListItem\",\"position\":2,\"name\":\"Sobre nosotros\"}]},{\"@type\":\"WebSite\",\"@id\":\"https:\/\/www.slidup.com\/us\/#website\",\"url\":\"https:\/\/www.slidup.com\/us\/\",\"name\":\"Slid'up USA\",\"description\":\"\",\"publisher\":{\"@id\":\"https:\/\/www.slidup.com\/us\/#organization\"},\"potentialAction\":[{\"@type\":\"SearchAction\",\"target\":{\"@type\":\"EntryPoint\",\"urlTemplate\":\"https:\/\/www.slidup.com\/us\/?s={search_term_string}\"},\"query-input\":{\"@type\":\"PropertyValueSpecification\",\"valueRequired\":true,\"valueName\":\"search_term_string\"}}],\"inLanguage\":\"es\"},{\"@type\":\"Organization\",\"@id\":\"https:\/\/www.slidup.com\/us\/#organization\",\"name\":\"Slid'up USA\",\"url\":\"https:\/\/www.slidup.com\/us\/\",\"logo\":{\"@type\":\"ImageObject\",\"inLanguage\":\"es\",\"@id\":\"https:\/\/www.slidup.com\/us\/#\/schema\/logo\/image\/\",\"url\":\"https:\/\/www.slidup.com\/us\/wp-content\/uploads\/sites\/2\/2023\/11\/logo-300x86-1.png\",\"contentUrl\":\"https:\/\/www.slidup.com\/us\/wp-content\/uploads\/sites\/2\/2023\/11\/logo-300x86-1.png\",\"width\":300,\"height\":86,\"caption\":\"Slid'up USA\"},\"image\":{\"@id\":\"https:\/\/www.slidup.com\/us\/#\/schema\/logo\/image\/\"}}]}<\/script>\n<!-- \/ Yoast SEO plugin. -->","yoast_head_json":{"title":"Sobre nosotros - SLID'UP by MANTION USA","description":"Durante 100 a\u00f1os, Mantion ha sido un orgulloso fabricante de herrajes para puertas correderas: bolsillo, armario, vidrio, exteriores.","robots":{"index":"index","follow":"follow","max-snippet":"max-snippet:-1","max-image-preview":"max-image-preview:large","max-video-preview":"max-video-preview:-1"},"canonical":"https:\/\/www.slidup.com\/us\/es\/sobre-nosotros\/","og_locale":"es_ES","og_type":"article","og_title":"Sobre nosotros - SLID'UP by MANTION USA","og_description":"Durante 100 a\u00f1os, Mantion ha sido un orgulloso fabricante de herrajes para puertas correderas: bolsillo, armario, vidrio, exteriores.","og_url":"https:\/\/www.slidup.com\/us\/es\/sobre-nosotros\/","og_site_name":"Slid&#039;up USA","article_modified_time":"2024-04-10T14:49:23+00:00","twitter_card":"summary_large_image","twitter_misc":{"Tiempo de lectura":"2 minutos"},"schema":{"@context":"https:\/\/schema.org","@graph":[{"@type":"WebPage","@id":"https:\/\/www.slidup.com\/us\/es\/sobre-nosotros\/","url":"https:\/\/www.slidup.com\/us\/es\/sobre-nosotros\/","name":"Sobre nosotros - SLID'UP by MANTION USA","isPartOf":{"@id":"https:\/\/www.slidup.com\/us\/#website"},"datePublished":"2022-02-21T16:51:37+00:00","dateModified":"2024-04-10T14:49:23+00:00","description":"Durante 100 a\u00f1os, Mantion ha sido un orgulloso fabricante de herrajes para puertas correderas: bolsillo, armario, vidrio, exteriores.","breadcrumb":{"@id":"https:\/\/www.slidup.com\/us\/es\/sobre-nosotros\/#breadcrumb"},"inLanguage":"es","potentialAction":[{"@type":"ReadAction","target":["https:\/\/www.slidup.com\/us\/es\/sobre-nosotros\/"]}]},{"@type":"BreadcrumbList","@id":"https:\/\/www.slidup.com\/us\/es\/sobre-nosotros\/#breadcrumb","itemListElement":[{"@type":"ListItem","position":1,"name":"Home","item":"https:\/\/www.slidup.com\/us\/es\/"},{"@type":"ListItem","position":2,"name":"Sobre nosotros"}]},{"@type":"WebSite","@id":"https:\/\/www.slidup.com\/us\/#website","url":"https:\/\/www.slidup.com\/us\/","name":"Slid'up USA","description":"","publisher":{"@id":"https:\/\/www.slidup.com\/us\/#organization"},"potentialAction":[{"@type":"SearchAction","target":{"@type":"EntryPoint","urlTemplate":"https:\/\/www.slidup.com\/us\/?s={search_term_string}"},"query-input":{"@type":"PropertyValueSpecification","valueRequired":true,"valueName":"search_term_string"}}],"inLanguage":"es"},{"@type":"Organization","@id":"https:\/\/www.slidup.com\/us\/#organization","name":"Slid'up USA","url":"https:\/\/www.slidup.com\/us\/","logo":{"@type":"ImageObject","inLanguage":"es","@id":"https:\/\/www.slidup.com\/us\/#\/schema\/logo\/image\/","url":"https:\/\/www.slidup.com\/us\/wp-content\/uploads\/sites\/2\/2023\/11\/logo-300x86-1.png","contentUrl":"https:\/\/www.slidup.com\/us\/wp-content\/uploads\/sites\/2\/2023\/11\/logo-300x86-1.png","width":300,"height":86,"caption":"Slid'up USA"},"image":{"@id":"https:\/\/www.slidup.com\/us\/#\/schema\/logo\/image\/"}}]}},"_links":{"self":[{"href":"https:\/\/www.slidup.com\/us\/es\/wp-json\/wp\/v2\/pages\/11567","targetHints":{"allow":["GET"]}}],"collection":[{"href":"https:\/\/www.slidup.com\/us\/es\/wp-json\/wp\/v2\/pages"}],"about":[{"href":"https:\/\/www.slidup.com\/us\/es\/wp-json\/wp\/v2\/types\/page"}],"author":[{"embeddable":true,"href":"https:\/\/www.slidup.com\/us\/es\/wp-json\/wp\/v2\/users\/4"}],"replies":[{"embeddable":true,"href":"https:\/\/www.slidup.com\/us\/es\/wp-json\/wp\/v2\/comments?post=11567"}],"version-history":[{"count":9,"href":"https:\/\/www.slidup.com\/us\/es\/wp-json\/wp\/v2\/pages\/11567\/revisions"}],"predecessor-version":[{"id":18042,"href":"https:\/\/www.slidup.com\/us\/es\/wp-json\/wp\/v2\/pages\/11567\/revisions\/18042"}],"wp:attachment":[{"href":"https:\/\/www.slidup.com\/us\/es\/wp-json\/wp\/v2\/media?parent=11567"}],"curies":[{"name":"wp","href":"https:\/\/api.w.org\/{rel}","templated":true}]}}