
{"id":23928,"date":"2023-12-08T10:24:29","date_gmt":"2023-12-08T14:24:29","guid":{"rendered":"https:\/\/preprod.slidup.es\/es\/?page_id=23928"},"modified":"2024-06-21T18:24:15","modified_gmt":"2024-06-21T16:24:15","slug":"metodos-de-pago","status":"publish","type":"page","link":"https:\/\/www.slidup.com\/es\/metodos-de-pago\/","title":{"rendered":"M\u00e9todos de pago"},"content":{"rendered":"<p>El pago en l\u00ednea es totalmente seguro gracias a una conexi\u00f3n HTTPS encriptada que protege sus datos bancarios y la confidencialidad de la informaci\u00f3n que transmite. El icono del &#8220;candado&#8221; aparece en la barra de direcciones de su navegador durante el pago. Se trata de un candado de seguridad, prueba de que la conexi\u00f3n es segura.<\/p>\n<p>Puede pagar sus pedidos utilizando diferentes m\u00e9todos de pago:<\/p>\n<h3>Con tarjeta de cr\u00e9dito<\/h3>\n<p>El Cliente garantiza que est\u00e1 plenamente autorizado a utilizar la tarjeta de pago facilitada para el pago de su pedido y que dicha tarjeta le da acceso a fondos suficientes para cubrir todos los gastos derivados de la utilizaci\u00f3n de los servicios del Vendedor.<br \/>\nPodr\u00e1n utilizarse en el marco del Sistema CB<br \/>\n&#8211; tarjetas con el s\u00edmbolo CB<br \/>\n&#8211; las tarjetas que lleven la marca VISA o EUROCARD o MASTERCARD aceptadas en el sistema CB<br \/>\n&#8211; las tarjetas emitidas en el marco de redes extranjeras o internacionales, aprobadas por el GIE CB y para las cuales el Vendedor puede obtener los signos de reconocimiento de Cr\u00e9dit Agricole.<br \/>\nTodas las tarjetas anteriores se denominar\u00e1n en lo sucesivo con el t\u00e9rmino gen\u00e9rico &#8220;tarjeta&#8221;.<br \/>\nEn funci\u00f3n de la fecha del pedido, se enviar\u00e1 una solicitud de cargo en la cuenta bancaria del Cliente a su banco en un plazo de 3 d\u00edas. El pedido se considerar\u00e1 efectivo una vez confirmada la conformidad de los centros de pago bancarios.<br \/>\nDe conformidad con la normativa vigente y para garantizar la seguridad y confidencialidad de sus datos, el Vendedor no almacena los datos bancarios de sus Clientes.<br \/>\nPor lo tanto, es responsabilidad del Cliente guardar e imprimir su certificado de pago si desea conservar sus datos bancarios y los datos relativos a su transacci\u00f3n.<br \/>\nEl Sitio est\u00e1 equipado con un sistema de seguridad de pago en l\u00ednea que permite al Cliente encriptar la transmisi\u00f3n de los datos bancarios.<br \/>\nEl Cliente debe introducir su n\u00famero de tarjeta, el mes y el a\u00f1o de caducidad que figuran en la tarjeta y el c\u00f3digo de seguridad que figura en el reverso de la tarjeta, y a continuaci\u00f3n confirmar el pago. El sistema de seguridad se basa en el sistema 3D Secure, con autorizaci\u00f3n de pago solicitada al banco del Cliente.<br \/>\nUna orden de pago electr\u00f3nico no puede anularse. El pago del pedido por parte del Cliente es, por tanto, irrevocable, sin perjuicio del derecho del Cliente a retractarse o anular el pedido posteriormente.<br \/>\nLa propiedad del producto no se transfiere al Cliente hasta que el Vendedor haya recibido el pago completo.<\/p>\n<h3>Por Paypal<\/h3>\n<p>PayPal le ayuda a proteger la informaci\u00f3n de su tarjeta de cr\u00e9dito con los mejores sistemas de seguridad y prevenci\u00f3n del fraude del mercado.<\/p>\n<h3>Por Google Pay<\/h3>\n<p>Este m\u00e9todo de pago s\u00f3lo est\u00e1 disponible para tel\u00e9fonos m\u00f3viles.<\/p>\n<h3>Con Apple Pay<\/h3>\n<p>Este m\u00e9todo de pago s\u00f3lo se ofrecer\u00e1 si realiza su pedido con su iPhone, Apple Watch, Mac o iPad.<\/p>\n<p>&nbsp;<\/p>\n<p><strong>Protecci\u00f3n de datos<\/strong><\/p>\n<p>Sus datos personales est\u00e1n protegidos. En aplicaci\u00f3n de la ley 78-17 del 6 de enero de 1978, cabe se\u00f1alar que los datos personales solicitados al Cliente son necesarios para la tramitaci\u00f3n del pedido.<br \/>\nEstos datos podr\u00e1n ser comunicados a cualquiera de los colaboradores del Vendedor encargados de la ejecuci\u00f3n, el tratamiento, la gesti\u00f3n y el pago de los pedidos.<br \/>\nEl tratamiento de la informaci\u00f3n comunicada a trav\u00e9s del Sitio ha sido declarado a la CNIL con el n\u00famero de registro 1814263.<br \/>\nDe conformidad con la normativa nacional y europea vigente, el Cliente dispone de un derecho permanente de acceso, modificaci\u00f3n, rectificaci\u00f3n y oposici\u00f3n con respecto a la informaci\u00f3n que le concierne.<br \/>\nEste derecho puede ejercerse de conformidad con las condiciones establecidas en la secci\u00f3n Condiciones de uso del Sitio.<\/p>\n","protected":false},"excerpt":{"rendered":"<p>El pago en l\u00ednea es totalmente seguro gracias a una conexi\u00f3n HTTPS encriptada que protege sus datos bancarios y la confidencialidad de la informaci\u00f3n que transmite. El icono del &#8220;candado&#8221; aparece en la barra de direcciones de su navegador durante el pago. Se trata de un candado de seguridad, prueba de que la conexi\u00f3n es &hellip; <a href=\"https:\/\/www.slidup.com\/es\/metodos-de-pago\/\">Continued<\/a><\/p>\n","protected":false},"author":1340,"featured_media":0,"parent":0,"menu_order":0,"comment_status":"closed","ping_status":"closed","template":"","meta":{"_relevanssi_hide_post":"","_relevanssi_hide_content":"","_relevanssi_pin_for_all":"","_relevanssi_pin_keywords":"","_relevanssi_unpin_keywords":"","_relevanssi_related_keywords":"","_relevanssi_related_include_ids":"","_relevanssi_related_exclude_ids":"","_relevanssi_related_no_append":"","_relevanssi_related_not_related":"","_relevanssi_related_posts":"","_relevanssi_noindex_reason":"","footnotes":""},"class_list":["post-23928","page","type-page","status-publish","hentry"],"acf":[],"yoast_head":"<!-- This site is optimized with the Yoast SEO plugin v23.6 - https:\/\/yoast.com\/wordpress\/plugins\/seo\/ -->\n<title>M\u00e9todos de pago - SLID\u2019UP by Mantion<\/title>\n<meta name=\"robots\" content=\"index, follow, max-snippet:-1, max-image-preview:large, max-video-preview:-1\" \/>\n<link rel=\"canonical\" href=\"https:\/\/www.slidup.com\/es\/metodos-de-pago\/\" \/>\n<meta property=\"og:locale\" content=\"es_ES\" \/>\n<meta property=\"og:type\" content=\"article\" \/>\n<meta property=\"og:title\" content=\"M\u00e9todos de pago - SLID\u2019UP by Mantion\" \/>\n<meta property=\"og:description\" content=\"El pago en l\u00ednea es totalmente seguro gracias a una conexi\u00f3n HTTPS encriptada que protege sus datos bancarios y la confidencialidad de la informaci\u00f3n que transmite. El icono del &#8220;candado&#8221; aparece en la barra de direcciones de su navegador durante el pago. Se trata de un candado de seguridad, prueba de que la conexi\u00f3n es &hellip; Continued\" \/>\n<meta property=\"og:url\" content=\"https:\/\/www.slidup.com\/es\/metodos-de-pago\/\" \/>\n<meta property=\"og:site_name\" content=\"SLID\u2019UP by Mantion\" \/>\n<meta property=\"article:modified_time\" content=\"2024-06-21T16:24:15+00:00\" \/>\n<meta name=\"twitter:card\" content=\"summary_large_image\" \/>\n<meta name=\"twitter:label1\" content=\"Tiempo de lectura\" \/>\n\t<meta name=\"twitter:data1\" content=\"4 minutos\" \/>\n<script type=\"application\/ld+json\" class=\"yoast-schema-graph\">{\"@context\":\"https:\/\/schema.org\",\"@graph\":[{\"@type\":\"WebPage\",\"@id\":\"https:\/\/www.slidup.com\/es\/metodos-de-pago\/\",\"url\":\"https:\/\/www.slidup.com\/es\/metodos-de-pago\/\",\"name\":\"M\u00e9todos de pago - SLID\u2019UP by Mantion\",\"isPartOf\":{\"@id\":\"https:\/\/www.slidup.com\/es\/es\/#website\"},\"datePublished\":\"2023-12-08T14:24:29+00:00\",\"dateModified\":\"2024-06-21T16:24:15+00:00\",\"breadcrumb\":{\"@id\":\"https:\/\/www.slidup.com\/es\/metodos-de-pago\/#breadcrumb\"},\"inLanguage\":\"es\",\"potentialAction\":[{\"@type\":\"ReadAction\",\"target\":[\"https:\/\/www.slidup.com\/es\/metodos-de-pago\/\"]}]},{\"@type\":\"BreadcrumbList\",\"@id\":\"https:\/\/www.slidup.com\/es\/metodos-de-pago\/#breadcrumb\",\"itemListElement\":[{\"@type\":\"ListItem\",\"position\":1,\"name\":\"Inicio\",\"item\":\"https:\/\/www.slidup.com\/es\/\"},{\"@type\":\"ListItem\",\"position\":2,\"name\":\"M\u00e9todos de pago\"}]},{\"@type\":\"WebSite\",\"@id\":\"https:\/\/www.slidup.com\/es\/es\/#website\",\"url\":\"https:\/\/www.slidup.com\/es\/es\/\",\"name\":\"SLID\u2019UP by Mantion\",\"description\":\"\",\"publisher\":{\"@id\":\"https:\/\/www.slidup.com\/es\/es\/#organization\"},\"potentialAction\":[{\"@type\":\"SearchAction\",\"target\":{\"@type\":\"EntryPoint\",\"urlTemplate\":\"https:\/\/www.slidup.com\/es\/es\/?s={search_term_string}\"},\"query-input\":{\"@type\":\"PropertyValueSpecification\",\"valueRequired\":true,\"valueName\":\"search_term_string\"}}],\"inLanguage\":\"es\"},{\"@type\":\"Organization\",\"@id\":\"https:\/\/www.slidup.com\/es\/es\/#organization\",\"name\":\"SLID\u2019UP by Mantion\",\"url\":\"https:\/\/www.slidup.com\/es\/es\/\",\"logo\":{\"@type\":\"ImageObject\",\"inLanguage\":\"es\",\"@id\":\"https:\/\/www.slidup.com\/es\/es\/#\/schema\/logo\/image\/\",\"url\":\"https:\/\/www.slidup.com\/es\/wp-content\/uploads\/sites\/2\/2023\/11\/logo-300x86-1.png\",\"contentUrl\":\"https:\/\/www.slidup.com\/es\/wp-content\/uploads\/sites\/2\/2023\/11\/logo-300x86-1.png\",\"width\":300,\"height\":86,\"caption\":\"SLID\u2019UP by Mantion\"},\"image\":{\"@id\":\"https:\/\/www.slidup.com\/es\/es\/#\/schema\/logo\/image\/\"}}]}<\/script>\n<!-- \/ Yoast SEO plugin. -->","yoast_head_json":{"title":"M\u00e9todos de pago - SLID\u2019UP by Mantion","robots":{"index":"index","follow":"follow","max-snippet":"max-snippet:-1","max-image-preview":"max-image-preview:large","max-video-preview":"max-video-preview:-1"},"canonical":"https:\/\/www.slidup.com\/es\/metodos-de-pago\/","og_locale":"es_ES","og_type":"article","og_title":"M\u00e9todos de pago - SLID\u2019UP by Mantion","og_description":"El pago en l\u00ednea es totalmente seguro gracias a una conexi\u00f3n HTTPS encriptada que protege sus datos bancarios y la confidencialidad de la informaci\u00f3n que transmite. El icono del &#8220;candado&#8221; aparece en la barra de direcciones de su navegador durante el pago. Se trata de un candado de seguridad, prueba de que la conexi\u00f3n es &hellip; Continued","og_url":"https:\/\/www.slidup.com\/es\/metodos-de-pago\/","og_site_name":"SLID\u2019UP by Mantion","article_modified_time":"2024-06-21T16:24:15+00:00","twitter_card":"summary_large_image","twitter_misc":{"Tiempo de lectura":"4 minutos"},"schema":{"@context":"https:\/\/schema.org","@graph":[{"@type":"WebPage","@id":"https:\/\/www.slidup.com\/es\/metodos-de-pago\/","url":"https:\/\/www.slidup.com\/es\/metodos-de-pago\/","name":"M\u00e9todos de pago - SLID\u2019UP by Mantion","isPartOf":{"@id":"https:\/\/www.slidup.com\/es\/es\/#website"},"datePublished":"2023-12-08T14:24:29+00:00","dateModified":"2024-06-21T16:24:15+00:00","breadcrumb":{"@id":"https:\/\/www.slidup.com\/es\/metodos-de-pago\/#breadcrumb"},"inLanguage":"es","potentialAction":[{"@type":"ReadAction","target":["https:\/\/www.slidup.com\/es\/metodos-de-pago\/"]}]},{"@type":"BreadcrumbList","@id":"https:\/\/www.slidup.com\/es\/metodos-de-pago\/#breadcrumb","itemListElement":[{"@type":"ListItem","position":1,"name":"Inicio","item":"https:\/\/www.slidup.com\/es\/"},{"@type":"ListItem","position":2,"name":"M\u00e9todos de pago"}]},{"@type":"WebSite","@id":"https:\/\/www.slidup.com\/es\/es\/#website","url":"https:\/\/www.slidup.com\/es\/es\/","name":"SLID\u2019UP by Mantion","description":"","publisher":{"@id":"https:\/\/www.slidup.com\/es\/es\/#organization"},"potentialAction":[{"@type":"SearchAction","target":{"@type":"EntryPoint","urlTemplate":"https:\/\/www.slidup.com\/es\/es\/?s={search_term_string}"},"query-input":{"@type":"PropertyValueSpecification","valueRequired":true,"valueName":"search_term_string"}}],"inLanguage":"es"},{"@type":"Organization","@id":"https:\/\/www.slidup.com\/es\/es\/#organization","name":"SLID\u2019UP by Mantion","url":"https:\/\/www.slidup.com\/es\/es\/","logo":{"@type":"ImageObject","inLanguage":"es","@id":"https:\/\/www.slidup.com\/es\/es\/#\/schema\/logo\/image\/","url":"https:\/\/www.slidup.com\/es\/wp-content\/uploads\/sites\/2\/2023\/11\/logo-300x86-1.png","contentUrl":"https:\/\/www.slidup.com\/es\/wp-content\/uploads\/sites\/2\/2023\/11\/logo-300x86-1.png","width":300,"height":86,"caption":"SLID\u2019UP by Mantion"},"image":{"@id":"https:\/\/www.slidup.com\/es\/es\/#\/schema\/logo\/image\/"}}]}},"_links":{"self":[{"href":"https:\/\/www.slidup.com\/es\/wp-json\/wp\/v2\/pages\/23928"}],"collection":[{"href":"https:\/\/www.slidup.com\/es\/wp-json\/wp\/v2\/pages"}],"about":[{"href":"https:\/\/www.slidup.com\/es\/wp-json\/wp\/v2\/types\/page"}],"author":[{"embeddable":true,"href":"https:\/\/www.slidup.com\/es\/wp-json\/wp\/v2\/users\/1340"}],"replies":[{"embeddable":true,"href":"https:\/\/www.slidup.com\/es\/wp-json\/wp\/v2\/comments?post=23928"}],"version-history":[{"count":7,"href":"https:\/\/www.slidup.com\/es\/wp-json\/wp\/v2\/pages\/23928\/revisions"}],"predecessor-version":[{"id":73675,"href":"https:\/\/www.slidup.com\/es\/wp-json\/wp\/v2\/pages\/23928\/revisions\/73675"}],"wp:attachment":[{"href":"https:\/\/www.slidup.com\/es\/wp-json\/wp\/v2\/media?parent=23928"}],"curies":[{"name":"wp","href":"https:\/\/api.w.org\/{rel}","templated":true}]}}