
{"id":23915,"date":"2023-12-08T04:55:45","date_gmt":"2023-12-08T08:55:45","guid":{"rendered":"https:\/\/preprod.slidup.es\/es\/?page_id=23915"},"modified":"2024-06-21T14:33:50","modified_gmt":"2024-06-21T12:33:50","slug":"cookies","status":"publish","type":"page","link":"https:\/\/www.slidup.com\/es\/cookies\/","title":{"rendered":"Cookies"},"content":{"rendered":"<h3>COOKIES DE SLID&#8217;UP<\/h3>\n<p>Los datos personales recogidos a trav\u00e9s de las cookies en este sitio o cuando realiza un pedido son procesados por :<br \/>\n<strong>MANTION SAS &#8211; SLID&#8217;UP<\/strong><br \/>\n7 rue Gay Lussac<br \/>\n25000 BESAN\u00c7ON<br \/>\nFRANCIA<\/p>\n<p>Cuando visita nuestro sitio Slid&#8217;Up, MANTION y\/o terceros colocan cookies en su ordenador, tel\u00e9fono m\u00f3vil o tableta.<\/p>\n<p>Esta p\u00e1gina le permite comprender mejor c\u00f3mo funcionan las cookies y c\u00f3mo utilizar las herramientas actuales para configurarlas.<\/p>\n<h3>\u00bfQU\u00c9 ES UNA COOKIE?<\/h3>\n<p>Una cookie es un peque\u00f1o archivo de texto que se coloca en su ordenador cuando visita un sitio o ve un anuncio. Su principal finalidad es recopilar informaci\u00f3n sobre su navegaci\u00f3n en los sitios y ofrecerle servicios personalizados. En nuestro sitio pueden utilizarse distintos tipos de cookies: cookies http, cookies de almacenamiento local, cookies flash, fingerprinting, p\u00edxeles u otros identificadores de seguimiento, etc.<br \/>\nNuestro sitio est\u00e1 dise\u00f1ado para estar especialmente atento a las necesidades y expectativas de nuestros clientes. Esta es una de las razones por las que utilizamos cookies, por ejemplo para identificarle y acceder a su cuenta, gestionar su cesta de pedidos, recordar sus visitas y personalizar las ofertas que le hacemos y la publicidad que ve en nuestro sitio o en otros lugares.<\/p>\n<h3>\u00bfC\u00d3MO PUEDO ADMINISTRAR MIS COOKIES?<\/h3>\n<p>Algunas cookies est\u00e1n sujetas a consentimiento.<br \/>\nUsted consiente el dep\u00f3sito de cookies, cuya informaci\u00f3n se le facilita en el banner de informaci\u00f3n sobre cookies visible cuando se conecta por primera vez al sitio:<\/p>\n<p>Haciendo clic en el icono &#8220;X&#8221; o en el bot\u00f3n de aceptaci\u00f3n del banner;<br \/>\nAl continuar navegando.<br \/>\nEl acuerdo as\u00ed dado es v\u00e1lido por un per\u00edodo m\u00e1ximo de trece (13) meses a partir del primer dep\u00f3sito en el equipo del terminal.<br \/>\nSi se niega a aceptar cookies en su terminal o navegador, o si borra las cookies almacenadas en \u00e9l, se le informa de que su navegaci\u00f3n y experiencia en el sitio pueden verse limitadas. Por ejemplo, se seguir\u00e1n mostrando anuncios en las p\u00e1ginas web visitadas, pero no estar\u00e1n personalizados.<\/p>\n<p>Si no lo ha hecho desde el banner informativo cuando lleg\u00f3 por primera vez a nuestro sitio, puede aceptar o rechazar las cookies en cualquier momento a trav\u00e9s de nuestro gestor de cookies, al que puede acceder aqu\u00ed : Configuraci\u00f3n de Cookies<\/p>\n<p>Se le informa de que los socios de la Editorial y cualquier otro tercero pueden colocar cookies en el sitio. S\u00f3lo el emisor de una cookie puede leer o modificar la informaci\u00f3n que contiene, y el Editor no tiene acceso ni control sobre las cookies que puedan utilizar terceros. La emisi\u00f3n y el uso de cookies por parte de terceros est\u00e1n sujetos a las pol\u00edticas de confidencialidad de dichos terceros, adem\u00e1s de a las presentes Condiciones de uso. En consecuencia, le invitamos a visitar los sitios web de estos terceros para obtener m\u00e1s informaci\u00f3n sobre las cookies que registran y c\u00f3mo gestionarlas.<\/p>\n<p><span style=\"text-decoration: underline;\">Dispone de varias formas de gestionar las cookies<\/span>:<\/p>\n<ol>\n<li><strong>El gestor de cookies de nuestro sitio<\/strong><br \/>\nSe puede acceder al gestor desde el banner de informaci\u00f3n sobre cookies o a trav\u00e9s de la secci\u00f3n &#8220;gestionar mis cookies en el sitio&#8221; m\u00e1s arriba.<\/li>\n<li><strong>Configurando los par\u00e1metros de su navegador<\/strong><br \/>\nPuede optar por desactivar estas cookies en cualquier momento accediendo a su navegador. Puede aceptar o rechazar las cookies caso por caso o rechazarlas sistem\u00e1ticamente de una vez por todas.<\/li>\n<li><strong>Otros medios<\/strong><br \/>\nPuede conectarse al sitio Youronlinechoices, ofrecido por profesionales de la publicidad digital pertenecientes a la European Digital Advertising Alliance (EDAA) y gestionado en Francia por la Interactive Advertising Bureau France. Esto le permitir\u00e1 conocer las empresas inscritas en esta plataforma y le ofrecer\u00e1 la posibilidad de rechazar o aceptar las cookies utilizadas por estas empresas para adaptar la publicidad susceptible de ser mostrada en el terminal del Usuario a sus datos de navegaci\u00f3n: http:\/\/www.youronlinechoices.com\/fr\/controler-ses-cookies\/.<\/li>\n<\/ol>\n<h3>\u00bfM\u00c1S INFORMACI\u00d3N SOBRE LAS COOKIES?<\/h3>\n<p>En la p\u00e1gina web de la CNIL: <a href=\"https:\/\/www.cnil.fr\/fr\/site-web-cookies-et-autres-traceurs\">https:\/\/www.cnil.fr\/fr\/site-web-cookies-et-autres-traceurs<\/a><\/p>\n","protected":false},"excerpt":{"rendered":"<p>COOKIES DE SLID&#8217;UP Los datos personales recogidos a trav\u00e9s de las cookies en este sitio o cuando realiza un pedido son procesados por : MANTION SAS &#8211; SLID&#8217;UP 7 rue Gay Lussac 25000 BESAN\u00c7ON FRANCIA Cuando visita nuestro sitio Slid&#8217;Up, MANTION y\/o terceros colocan cookies en su ordenador, tel\u00e9fono m\u00f3vil o tableta. Esta p\u00e1gina le &hellip; <a href=\"https:\/\/www.slidup.com\/es\/cookies\/\">Continued<\/a><\/p>\n","protected":false},"author":1340,"featured_media":0,"parent":0,"menu_order":0,"comment_status":"closed","ping_status":"closed","template":"","meta":{"_relevanssi_hide_post":"","_relevanssi_hide_content":"","_relevanssi_pin_for_all":"","_relevanssi_pin_keywords":"","_relevanssi_unpin_keywords":"","_relevanssi_related_keywords":"","_relevanssi_related_include_ids":"","_relevanssi_related_exclude_ids":"","_relevanssi_related_no_append":"","_relevanssi_related_not_related":"","_relevanssi_related_posts":"","_relevanssi_noindex_reason":"","footnotes":""},"class_list":["post-23915","page","type-page","status-publish","hentry"],"acf":[],"yoast_head":"<!-- This site is optimized with the Yoast SEO plugin v23.6 - https:\/\/yoast.com\/wordpress\/plugins\/seo\/ -->\n<title>Cookies - SLID\u2019UP by Mantion<\/title>\n<meta name=\"robots\" content=\"index, follow, max-snippet:-1, max-image-preview:large, max-video-preview:-1\" \/>\n<link rel=\"canonical\" href=\"https:\/\/www.slidup.com\/es\/cookies\/\" \/>\n<meta property=\"og:locale\" content=\"es_ES\" \/>\n<meta property=\"og:type\" content=\"article\" \/>\n<meta property=\"og:title\" content=\"Cookies - SLID\u2019UP by Mantion\" \/>\n<meta property=\"og:description\" content=\"COOKIES DE SLID&#8217;UP Los datos personales recogidos a trav\u00e9s de las cookies en este sitio o cuando realiza un pedido son procesados por : MANTION SAS &#8211; SLID&#8217;UP 7 rue Gay Lussac 25000 BESAN\u00c7ON FRANCIA Cuando visita nuestro sitio Slid&#8217;Up, MANTION y\/o terceros colocan cookies en su ordenador, tel\u00e9fono m\u00f3vil o tableta. Esta p\u00e1gina le &hellip; Continued\" \/>\n<meta property=\"og:url\" content=\"https:\/\/www.slidup.com\/es\/cookies\/\" \/>\n<meta property=\"og:site_name\" content=\"SLID\u2019UP by Mantion\" \/>\n<meta property=\"article:modified_time\" content=\"2024-06-21T12:33:50+00:00\" \/>\n<meta name=\"twitter:card\" content=\"summary_large_image\" \/>\n<meta name=\"twitter:label1\" content=\"Tiempo de lectura\" \/>\n\t<meta name=\"twitter:data1\" content=\"4 minutos\" \/>\n<script type=\"application\/ld+json\" class=\"yoast-schema-graph\">{\"@context\":\"https:\/\/schema.org\",\"@graph\":[{\"@type\":\"WebPage\",\"@id\":\"https:\/\/www.slidup.com\/es\/cookies\/\",\"url\":\"https:\/\/www.slidup.com\/es\/cookies\/\",\"name\":\"Cookies - SLID\u2019UP by Mantion\",\"isPartOf\":{\"@id\":\"https:\/\/www.slidup.com\/es\/es\/#website\"},\"datePublished\":\"2023-12-08T08:55:45+00:00\",\"dateModified\":\"2024-06-21T12:33:50+00:00\",\"breadcrumb\":{\"@id\":\"https:\/\/www.slidup.com\/es\/cookies\/#breadcrumb\"},\"inLanguage\":\"es\",\"potentialAction\":[{\"@type\":\"ReadAction\",\"target\":[\"https:\/\/www.slidup.com\/es\/cookies\/\"]}]},{\"@type\":\"BreadcrumbList\",\"@id\":\"https:\/\/www.slidup.com\/es\/cookies\/#breadcrumb\",\"itemListElement\":[{\"@type\":\"ListItem\",\"position\":1,\"name\":\"Inicio\",\"item\":\"https:\/\/www.slidup.com\/es\/\"},{\"@type\":\"ListItem\",\"position\":2,\"name\":\"Cookies\"}]},{\"@type\":\"WebSite\",\"@id\":\"https:\/\/www.slidup.com\/es\/es\/#website\",\"url\":\"https:\/\/www.slidup.com\/es\/es\/\",\"name\":\"SLID\u2019UP by Mantion\",\"description\":\"\",\"publisher\":{\"@id\":\"https:\/\/www.slidup.com\/es\/es\/#organization\"},\"potentialAction\":[{\"@type\":\"SearchAction\",\"target\":{\"@type\":\"EntryPoint\",\"urlTemplate\":\"https:\/\/www.slidup.com\/es\/es\/?s={search_term_string}\"},\"query-input\":{\"@type\":\"PropertyValueSpecification\",\"valueRequired\":true,\"valueName\":\"search_term_string\"}}],\"inLanguage\":\"es\"},{\"@type\":\"Organization\",\"@id\":\"https:\/\/www.slidup.com\/es\/es\/#organization\",\"name\":\"SLID\u2019UP by Mantion\",\"url\":\"https:\/\/www.slidup.com\/es\/es\/\",\"logo\":{\"@type\":\"ImageObject\",\"inLanguage\":\"es\",\"@id\":\"https:\/\/www.slidup.com\/es\/es\/#\/schema\/logo\/image\/\",\"url\":\"https:\/\/www.slidup.com\/es\/wp-content\/uploads\/sites\/2\/2023\/11\/logo-300x86-1.png\",\"contentUrl\":\"https:\/\/www.slidup.com\/es\/wp-content\/uploads\/sites\/2\/2023\/11\/logo-300x86-1.png\",\"width\":300,\"height\":86,\"caption\":\"SLID\u2019UP by Mantion\"},\"image\":{\"@id\":\"https:\/\/www.slidup.com\/es\/es\/#\/schema\/logo\/image\/\"}}]}<\/script>\n<!-- \/ Yoast SEO plugin. -->","yoast_head_json":{"title":"Cookies - SLID\u2019UP by Mantion","robots":{"index":"index","follow":"follow","max-snippet":"max-snippet:-1","max-image-preview":"max-image-preview:large","max-video-preview":"max-video-preview:-1"},"canonical":"https:\/\/www.slidup.com\/es\/cookies\/","og_locale":"es_ES","og_type":"article","og_title":"Cookies - SLID\u2019UP by Mantion","og_description":"COOKIES DE SLID&#8217;UP Los datos personales recogidos a trav\u00e9s de las cookies en este sitio o cuando realiza un pedido son procesados por : MANTION SAS &#8211; SLID&#8217;UP 7 rue Gay Lussac 25000 BESAN\u00c7ON FRANCIA Cuando visita nuestro sitio Slid&#8217;Up, MANTION y\/o terceros colocan cookies en su ordenador, tel\u00e9fono m\u00f3vil o tableta. Esta p\u00e1gina le &hellip; Continued","og_url":"https:\/\/www.slidup.com\/es\/cookies\/","og_site_name":"SLID\u2019UP by Mantion","article_modified_time":"2024-06-21T12:33:50+00:00","twitter_card":"summary_large_image","twitter_misc":{"Tiempo de lectura":"4 minutos"},"schema":{"@context":"https:\/\/schema.org","@graph":[{"@type":"WebPage","@id":"https:\/\/www.slidup.com\/es\/cookies\/","url":"https:\/\/www.slidup.com\/es\/cookies\/","name":"Cookies - SLID\u2019UP by Mantion","isPartOf":{"@id":"https:\/\/www.slidup.com\/es\/es\/#website"},"datePublished":"2023-12-08T08:55:45+00:00","dateModified":"2024-06-21T12:33:50+00:00","breadcrumb":{"@id":"https:\/\/www.slidup.com\/es\/cookies\/#breadcrumb"},"inLanguage":"es","potentialAction":[{"@type":"ReadAction","target":["https:\/\/www.slidup.com\/es\/cookies\/"]}]},{"@type":"BreadcrumbList","@id":"https:\/\/www.slidup.com\/es\/cookies\/#breadcrumb","itemListElement":[{"@type":"ListItem","position":1,"name":"Inicio","item":"https:\/\/www.slidup.com\/es\/"},{"@type":"ListItem","position":2,"name":"Cookies"}]},{"@type":"WebSite","@id":"https:\/\/www.slidup.com\/es\/es\/#website","url":"https:\/\/www.slidup.com\/es\/es\/","name":"SLID\u2019UP by Mantion","description":"","publisher":{"@id":"https:\/\/www.slidup.com\/es\/es\/#organization"},"potentialAction":[{"@type":"SearchAction","target":{"@type":"EntryPoint","urlTemplate":"https:\/\/www.slidup.com\/es\/es\/?s={search_term_string}"},"query-input":{"@type":"PropertyValueSpecification","valueRequired":true,"valueName":"search_term_string"}}],"inLanguage":"es"},{"@type":"Organization","@id":"https:\/\/www.slidup.com\/es\/es\/#organization","name":"SLID\u2019UP by Mantion","url":"https:\/\/www.slidup.com\/es\/es\/","logo":{"@type":"ImageObject","inLanguage":"es","@id":"https:\/\/www.slidup.com\/es\/es\/#\/schema\/logo\/image\/","url":"https:\/\/www.slidup.com\/es\/wp-content\/uploads\/sites\/2\/2023\/11\/logo-300x86-1.png","contentUrl":"https:\/\/www.slidup.com\/es\/wp-content\/uploads\/sites\/2\/2023\/11\/logo-300x86-1.png","width":300,"height":86,"caption":"SLID\u2019UP by Mantion"},"image":{"@id":"https:\/\/www.slidup.com\/es\/es\/#\/schema\/logo\/image\/"}}]}},"_links":{"self":[{"href":"https:\/\/www.slidup.com\/es\/wp-json\/wp\/v2\/pages\/23915"}],"collection":[{"href":"https:\/\/www.slidup.com\/es\/wp-json\/wp\/v2\/pages"}],"about":[{"href":"https:\/\/www.slidup.com\/es\/wp-json\/wp\/v2\/types\/page"}],"author":[{"embeddable":true,"href":"https:\/\/www.slidup.com\/es\/wp-json\/wp\/v2\/users\/1340"}],"replies":[{"embeddable":true,"href":"https:\/\/www.slidup.com\/es\/wp-json\/wp\/v2\/comments?post=23915"}],"version-history":[{"count":5,"href":"https:\/\/www.slidup.com\/es\/wp-json\/wp\/v2\/pages\/23915\/revisions"}],"predecessor-version":[{"id":73669,"href":"https:\/\/www.slidup.com\/es\/wp-json\/wp\/v2\/pages\/23915\/revisions\/73669"}],"wp:attachment":[{"href":"https:\/\/www.slidup.com\/es\/wp-json\/wp\/v2\/media?parent=23915"}],"curies":[{"name":"wp","href":"https:\/\/api.w.org\/{rel}","templated":true}]}}