
{"id":23910,"date":"2023-12-07T11:44:11","date_gmt":"2023-12-07T15:44:11","guid":{"rendered":"https:\/\/preprod.slidup.es\/es\/?page_id=23910"},"modified":"2024-06-21T14:30:55","modified_gmt":"2024-06-21T12:30:55","slug":"informacion-legal","status":"publish","type":"page","link":"https:\/\/www.slidup.com\/es\/informacion-legal\/","title":{"rendered":"Informaci\u00f3n legal"},"content":{"rendered":"<p>\u00daltima actualizaci\u00f3n: 28 de abril de 2024<\/p>\n<p>&nbsp;<\/p>\n<p>La navegaci\u00f3n continua por este sitio implica la aceptaci\u00f3n sin reservas de las siguientes disposiciones y condiciones de uso.<\/p>\n<p>La versi\u00f3n de las presentes condiciones de uso actualmente en l\u00ednea es la \u00fanica que podr\u00e1 invocarse durante todo el periodo de utilizaci\u00f3n del sitio y hasta que una nueva versi\u00f3n la sustituya.<\/p>\n<p>&nbsp;<\/p>\n<h3>Art\u00edculo 1 &#8211; Informaci\u00f3n legal<\/h3>\n<p>1.1 Sitio (en lo sucesivo, &#8220;el sitio&#8221;): https:\/\/slidup.com\/es<\/p>\n<p>1.2 Editor (en adelante &#8220;el Editor&#8221;): MANTION SAS, SAS con capital de 7.200.000 euros, cuyo domicilio social se encuentra en 7, rue Gay Lussac, 25000 BESAN\u00c7ON, FRANCIA cuyo n\u00famero Siret es: 582 821 823 00025 representado por el Sr. Florian CUNIN, en su calidad de Presidente y Director General.<\/p>\n<p>N\u00famero de tel\u00e9fono: +33 (0)3 81 50 56 77.<br \/>\nNuestros asesores est\u00e1n disponibles de lunes a viernes de 8.30 a 16.15 horas.<br \/>\nDirecci\u00f3n de correo electr\u00f3nico: contact@slidup.fr<br \/>\nDirector de la publicaci\u00f3n: Sr. Florian CUNIN<\/p>\n<p>1.3 Dise\u00f1o y producci\u00f3n: WEMEA, situada en 5 Avenue de la R\u00e9publique, 75011 Par\u00eds.<\/p>\n<p>1.4 Anfitri\u00f3n (en lo sucesivo, &#8220;Anfitri\u00f3n&#8221;): Franche-Comt\u00e9 Net, con domicilio social en 6 rue G\u00e9rard Mantion, 25000 Besan\u00e7on. Tel\u00e9fono: +33 (0)3 81 48 09 09.<\/p>\n<p>&nbsp;<\/p>\n<h3>Art\u00edculo 2 &#8211; Acceso al sitio<\/h3>\n<p>S\u00f3lo podr\u00e1n realizar pedidos las personas mayores de edad.<br \/>\nEl acceso y la utilizaci\u00f3n del sitio est\u00e1n reservados a un uso estrictamente personal. Usted se compromete a no utilizar este sitio ni la informaci\u00f3n o los datos que contiene con fines comerciales, pol\u00edticos o publicitarios, ni para cualquier forma de captaci\u00f3n comercial, en particular el env\u00edo de correos electr\u00f3nicos no solicitados.<\/p>\n<p>&nbsp;<\/p>\n<h3>Art\u00edculo 3 &#8211; Contenido del sitio<\/h3>\n<p>Todas las marcas, fotograf\u00edas, textos, comentarios, ilustraciones, im\u00e1genes (animadas o no), secuencias de v\u00eddeo, sonidos, as\u00ed como todas las aplicaciones inform\u00e1ticas que puedan utilizarse para el funcionamiento de este sitio y, de manera m\u00e1s general, todos los elementos reproducidos o utilizados en el sitio est\u00e1n protegidos por la legislaci\u00f3n vigente en materia de propiedad intelectual.<\/p>\n<p>Son propiedad plena y entera del editor o de sus socios. Queda estrictamente prohibida toda reproducci\u00f3n, representaci\u00f3n, utilizaci\u00f3n o adaptaci\u00f3n, en cualquier forma, de la totalidad o parte de estos elementos, incluidas las aplicaciones inform\u00e1ticas, sin el consentimiento previo por escrito del editor. El hecho de que el editor no inicie un procedimiento en cuanto tenga conocimiento de dicha utilizaci\u00f3n no autorizada no constituye la aceptaci\u00f3n de dicha utilizaci\u00f3n ni la renuncia a emprender acciones legales.<\/p>\n<p>Por lo que respecta a los servicios de pedido en l\u00ednea, toda la informaci\u00f3n que figura en este sitio es v\u00e1lida \u00fanicamente para Francia, B\u00e9lgica y Luxemburgo. Para pedidos destinados a otros destinos, solicite la informaci\u00f3n necesaria a la siguiente direcci\u00f3n: cliente.es@slidup.com.<\/p>\n<p>&nbsp;<\/p>\n<h3>Art\u00edculo 4 &#8211; Gesti\u00f3n del sitio<\/h3>\n<p>Para la correcta gesti\u00f3n del sitio, el editor podr\u00e1 en cualquier momento<br \/>\n&#8211; suspender, interrumpir o limitar el acceso a todo o parte del sitio, restringir el acceso al sitio, o a determinadas partes del sitio, a una categor\u00eda espec\u00edfica de internautas;<br \/>\n&#8211; suprimir cualquier informaci\u00f3n que pueda perturbar el funcionamiento del sitio o contravenir las leyes nacionales o internacionales<br \/>\n&#8211; suspender el sitio para actualizarlo.<\/p>\n<p>&nbsp;<\/p>\n<h3><strong>Art\u00edculo 5 &#8211; Responsabilidad<\/strong><\/h3>\n<p>El editor no podr\u00e1 ser considerado responsable en caso de fallo, aver\u00eda, dificultad o interrupci\u00f3n del funcionamiento que impida el acceso al sitio o a cualquiera de sus funciones.<\/p>\n<p>Usted es el \u00fanico responsable del equipo que utiliza para conectarse al sitio.<\/p>\n<p>Debe tomar todas las medidas adecuadas para proteger su equipo y sus propios datos, en particular de los ataques virales a trav\u00e9s de Internet. Asimismo, usted es el \u00fanico responsable de los sitios y datos que consulte.<\/p>\n<p>El editor no podr\u00e1 ser considerado responsable en caso de acciones judiciales contra usted :<br \/>\n&#8211; como consecuencia de la utilizaci\u00f3n del sitio o de cualquier servicio accesible a trav\u00e9s de Internet;<br \/>\n&#8211; por incumplimiento de las presentes condiciones de uso.<\/p>\n<p>El editor no es responsable de los da\u00f1os causados a usted, a terceros y\/o a su equipo como consecuencia de su conexi\u00f3n al sitio o de su utilizaci\u00f3n del mismo, y usted renuncia a cualquier acci\u00f3n contra \u00e9l a este respecto.<\/p>\n<p>Si el editor es objeto de un procedimiento amistoso o judicial como consecuencia de su uso del sitio, podr\u00e1 emprender acciones contra usted para obtener la indemnizaci\u00f3n de todos los da\u00f1os, sumas, multas y gastos que puedan derivarse de dicho procedimiento.<\/p>\n<p>&nbsp;<\/p>\n<h3>Art\u00edculo 6 &#8211; Enlaces de hipertexto<\/h3>\n<p>Queda terminantemente prohibida la creaci\u00f3n por su parte de enlaces de hipertexto hacia la totalidad o parte del sitio, salvo autorizaci\u00f3n previa por escrito del editor enviando un correo electr\u00f3nico a la siguiente direcci\u00f3n: contact@slidup.fr.<\/p>\n<p>El editor es libre de denegar dicha autorizaci\u00f3n sin tener que justificar su decisi\u00f3n de ning\u00fan modo. En caso de que el editor conceda su autorizaci\u00f3n, \u00e9sta ser\u00e1 en todo caso temporal y podr\u00e1 ser retirada en cualquier momento, sin que el editor est\u00e9 obligado a justificar su decisi\u00f3n.<\/p>\n<p>En cualquier caso, todo enlace deber\u00e1 ser retirado a petici\u00f3n del editor.<\/p>\n<p>Cualquier informaci\u00f3n accesible a trav\u00e9s de un enlace a otros sitios no est\u00e1 bajo el control del editor, que declina toda responsabilidad por su contenido.<\/p>\n<p>&nbsp;<\/p>\n<h3>Art\u00edculo 7 &#8211; Recogida de datos<\/h3>\n<p>La informaci\u00f3n personal que pueda recogerse en el sitio es utilizada principalmente por el editor y\/o sus filiales<br \/>\n&#8211; para gestionar las relaciones con usted y, en su caso, tramitar sus pedidos.<br \/>\n&#8211; para informarle de las pr\u00f3ximas ventas y eventos, envi\u00e1ndole correos electr\u00f3nicos de invitaci\u00f3n<br \/>\n&#8211; para reforzar y personalizar la comunicaci\u00f3n, en particular mediante el env\u00edo de boletines informativos, ofertas especiales (y en particular concursos, juegos, etc.) y correos electr\u00f3nicos especiales en el marco de la personalizaci\u00f3n del Sitio en funci\u00f3n de las preferencias de los Clientes.<\/p>\n<p>Se registran en el fichero de clientes del editor, y el fichero as\u00ed constituido de datos personales se declara a la CNIL con el n\u00famero de registro 1814263.<\/p>\n<p>De conformidad con las disposiciones de la Ley n\u00ba 78-17 de 6 de enero de 1978, modificada, relativa a la inform\u00e1tica, los archivos y las libertades, usted dispone de un derecho de acceso, consulta, modificaci\u00f3n y supresi\u00f3n de los datos que le conciernen, que podr\u00e1 ejercer en cualquier momento dirigi\u00e9ndose al editor, bien directamente en el sitio, en la r\u00fabrica &#8220;Contacto&#8221;, bien por correo postal a la siguiente direcci\u00f3n: 2 rue des m\u00e9tiers 21110 GENLIS, bien por correo electr\u00f3nico a la siguiente direcci\u00f3n: contact@slidup.fr.<\/p>\n<p>Por razones de seguridad y para evitar solicitudes fraudulentas, esta solicitud debe ir acompa\u00f1ada de un justificante de identidad. Una vez tramitada la solicitud, esta prueba ser\u00e1 destruida.<\/p>\n<p>Los datos recogidos podr\u00e1n ser comunicados a terceros vinculados contractualmente al editor para la realizaci\u00f3n de tareas subcontratadas necesarias para la gesti\u00f3n de su cuenta y para la realizaci\u00f3n de encuestas de satisfacci\u00f3n, sin que usted tenga que dar su autorizaci\u00f3n. En caso de infracci\u00f3n probada de las disposiciones legales o reglamentarias, esta informaci\u00f3n podr\u00e1 comunicarse a petici\u00f3n expresa y motivada de las autoridades judiciales.<\/p>\n<p>Cuando determinada informaci\u00f3n sea obligatoria para acceder a funciones espec\u00edficas del sitio, el editor indicar\u00e1 este car\u00e1cter obligatorio en el momento de introducir los datos.<\/p>\n<p>Al crear o consultar su cuenta, puede optar por recibir ofertas, en particular ofertas comerciales enviadas por el editor.<\/p>\n<p>Si no desea recibir dichas ofertas, marque la casilla correspondiente en el formulario de pedido.<\/p>\n<p>De conformidad con el texto mencionado, usted tiene derecho a acceder y rectificar en cualquier momento cualquier informaci\u00f3n que le concierna, as\u00ed como derecho a suprimir dicha informaci\u00f3n o negarse a recibir ofertas. Puede ejercer este derecho poni\u00e9ndose en contacto con cliente.es@slidup.com o modificando los par\u00e1metros de su cuenta de cliente.<\/p>\n<p>Si, al consultar el sitio, accede a datos personales, debe abstenerse de toda recopilaci\u00f3n, todo uso no autorizado o todo acto que pueda constituir un atentado contra la vida privada o la reputaci\u00f3n de las personas. El editor declina toda responsabilidad a este respecto.<\/p>\n<p>&nbsp;<\/p>\n<h3>Art\u00edculo 8 &#8211; Cookies<\/h3>\n<p>\u00bfQu\u00e9 son las cookies?<br \/>\nEl t\u00e9rmino &#8220;cookie&#8221; engloba todos los rastros depositados, en funci\u00f3n de sus elecciones, en su terminal cuando visita nuestro sitio. Su finalidad es recoger informaci\u00f3n relativa a su navegaci\u00f3n y ofrecerle servicios adaptados a su terminal. Las cookies son gestionadas por su navegador web y s\u00f3lo el emisor de una cookie es susceptible de leer o modificar la informaci\u00f3n contenida en ella.<\/p>\n<p>Cookies utilizadas y finalidad<br \/>\nCuando se conecta a nuestro sitio, podemos, en funci\u00f3n de sus elecciones, instalar diversas cookies en su terminal durante el periodo de validez de la cookie en cuesti\u00f3n. Las cookies que emitimos se utilizan para los fines que se describen a continuaci\u00f3n, en funci\u00f3n de sus elecciones resultantes de la configuraci\u00f3n del software de su navegador utilizado cuando visita nuestro sitio.<\/p>\n<p>Las cookies que utilizamos nos permiten :<br \/>\n&#8211; Facilitar su navegaci\u00f3n en nuestro sitio<br \/>\n&#8211; memorizar la informaci\u00f3n relativa al formulario que ha rellenado en nuestro sitio (inscripci\u00f3n o acceso a su cuenta) o a los productos que ha consultado en nuestro sitio<br \/>\n&#8211; permiti\u00e9ndole acceder a su cuenta en nuestro sitio mediante identificadores o datos que nos haya podido confiar previamente<br \/>\n&#8211; aplicando medidas de seguridad<\/p>\n<p>&#8211; midiendo la audiencia de nuestro sitio<br \/>\nEstas cookies permiten elaborar estad\u00edsticas y vol\u00famenes de visitas y de utilizaci\u00f3n de los distintos componentes de nuestro sitio (productos consultados, recorrido realizado) con el fin de mejorar la ergonom\u00eda de nuestros servicios.<\/p>\n<p>&#8211; Ofrecer publicidad espec\u00edfica<br \/>\nEstas cookies se utilizan para mostrarle publicidad o enviarle informaci\u00f3n adaptada a sus intereses en nuestro sitio o fuera de \u00e9l mientras navega por Internet.<\/p>\n<p>&nbsp;<\/p>\n<p>Cookies de terceros debidas a aplicaciones integradas en nuestro sitio<br \/>\nEl Sitio contiene aplicaciones inform\u00e1ticas de terceros que le permiten compartir el contenido del Sitio con otras personas o dar a conocer a estas otras personas su consulta o su opini\u00f3n sobre un Producto, por ejemplo.<\/p>\n<p>El Editor no tiene ning\u00fan control sobre el proceso utilizado por las redes sociales para recopilar informaci\u00f3n relativa a su navegaci\u00f3n en el Sitio y asociada a los datos personales que poseen. Se recomienda consultar las pol\u00edticas de protecci\u00f3n de la vida privada de estas redes sociales para conocer el uso que se hace de la informaci\u00f3n de navegaci\u00f3n que puedan recopilar a trav\u00e9s de estos botones de la aplicaci\u00f3n, especialmente con fines publicitarios.<\/p>\n<p>Aceptar o rechazar las cookies<br \/>\nPuede optar por desactivar las cookies en cualquier momento. Tambi\u00e9n puede configurar su navegador para que le indique cu\u00e1ndo se han instalado cookies en su ordenador.<\/p>\n<p>La secci\u00f3n &#8220;Ayuda&#8221; de la mayor\u00eda de los navegadores le indica c\u00f3mo rechazar las cookies o recibir un mensaje inform\u00e1ndole de que las ha recibido, o c\u00f3mo desactivar las cookies.<\/p>\n<p>Desactivar todas las cookies puede afectar a la navegaci\u00f3n en nuestro Sitio.<\/p>\n<p>&nbsp;<\/p>\n<h3>Art\u00edculo 9 &#8211; Fotograf\u00edas y representaci\u00f3n de los productos<\/h3>\n<p>Las fotograf\u00edas de los productos, as\u00ed como los esquemas e instrucciones que acompa\u00f1an a su descripci\u00f3n, no son contractuales y no comprometen al editor.<\/p>\n<p>&nbsp;<\/p>\n<h3>Art\u00edculo 10 &#8211; Derecho aplicable<\/h3>\n<p>Las presentes condiciones de uso del sitio se rigen por el derecho franc\u00e9s y se someten a la jurisdicci\u00f3n de los tribunales de BESANCON, a reserva de una atribuci\u00f3n espec\u00edfica de competencia derivada de un texto legal o reglamentario particular.<\/p>\n<p>&nbsp;<\/p>\n<h3>Art\u00edculo 11 &#8211; Contacto<\/h3>\n<p>Para cualquier pregunta o informaci\u00f3n sobre los productos presentados en el sitio, o sobre el propio sitio, puede dejar un mensaje en la siguiente direcci\u00f3n: cliente.es@slidup.com.<\/p>\n","protected":false},"excerpt":{"rendered":"<p>\u00daltima actualizaci\u00f3n: 28 de abril de 2024 &nbsp; La navegaci\u00f3n continua por este sitio implica la aceptaci\u00f3n sin reservas de las siguientes disposiciones y condiciones de uso. La versi\u00f3n de las presentes condiciones de uso actualmente en l\u00ednea es la \u00fanica que podr\u00e1 invocarse durante todo el periodo de utilizaci\u00f3n del sitio y hasta que &hellip; <a href=\"https:\/\/www.slidup.com\/es\/informacion-legal\/\">Continued<\/a><\/p>\n","protected":false},"author":1340,"featured_media":0,"parent":0,"menu_order":0,"comment_status":"closed","ping_status":"closed","template":"template-pages\/tpl-legal-informacion.php","meta":{"_relevanssi_hide_post":"","_relevanssi_hide_content":"","_relevanssi_pin_for_all":"","_relevanssi_pin_keywords":"","_relevanssi_unpin_keywords":"","_relevanssi_related_keywords":"","_relevanssi_related_include_ids":"","_relevanssi_related_exclude_ids":"","_relevanssi_related_no_append":"","_relevanssi_related_not_related":"","_relevanssi_related_posts":"","_relevanssi_noindex_reason":"","footnotes":""},"class_list":["post-23910","page","type-page","status-publish","hentry"],"acf":[],"yoast_head":"<!-- This site is optimized with the Yoast SEO plugin v23.6 - https:\/\/yoast.com\/wordpress\/plugins\/seo\/ -->\n<title>Informaci\u00f3n legal - SLID\u2019UP by Mantion<\/title>\n<meta name=\"robots\" content=\"index, follow, max-snippet:-1, max-image-preview:large, max-video-preview:-1\" \/>\n<link rel=\"canonical\" href=\"https:\/\/www.slidup.com\/es\/informacion-legal\/\" \/>\n<meta property=\"og:locale\" content=\"es_ES\" \/>\n<meta property=\"og:type\" content=\"article\" \/>\n<meta property=\"og:title\" content=\"Informaci\u00f3n legal - SLID\u2019UP by Mantion\" \/>\n<meta property=\"og:description\" content=\"\u00daltima actualizaci\u00f3n: 28 de abril de 2024 &nbsp; La navegaci\u00f3n continua por este sitio implica la aceptaci\u00f3n sin reservas de las siguientes disposiciones y condiciones de uso. La versi\u00f3n de las presentes condiciones de uso actualmente en l\u00ednea es la \u00fanica que podr\u00e1 invocarse durante todo el periodo de utilizaci\u00f3n del sitio y hasta que &hellip; Continued\" \/>\n<meta property=\"og:url\" content=\"https:\/\/www.slidup.com\/es\/informacion-legal\/\" \/>\n<meta property=\"og:site_name\" content=\"SLID\u2019UP by Mantion\" \/>\n<meta property=\"article:modified_time\" content=\"2024-06-21T12:30:55+00:00\" \/>\n<meta name=\"twitter:card\" content=\"summary_large_image\" \/>\n<meta name=\"twitter:label1\" content=\"Tiempo de lectura\" \/>\n\t<meta name=\"twitter:data1\" content=\"10 minutos\" \/>\n<script type=\"application\/ld+json\" class=\"yoast-schema-graph\">{\"@context\":\"https:\/\/schema.org\",\"@graph\":[{\"@type\":\"WebPage\",\"@id\":\"https:\/\/www.slidup.com\/es\/informacion-legal\/\",\"url\":\"https:\/\/www.slidup.com\/es\/informacion-legal\/\",\"name\":\"Informaci\u00f3n legal - SLID\u2019UP by Mantion\",\"isPartOf\":{\"@id\":\"https:\/\/www.slidup.com\/es\/es\/#website\"},\"datePublished\":\"2023-12-07T15:44:11+00:00\",\"dateModified\":\"2024-06-21T12:30:55+00:00\",\"breadcrumb\":{\"@id\":\"https:\/\/www.slidup.com\/es\/informacion-legal\/#breadcrumb\"},\"inLanguage\":\"es\",\"potentialAction\":[{\"@type\":\"ReadAction\",\"target\":[\"https:\/\/www.slidup.com\/es\/informacion-legal\/\"]}]},{\"@type\":\"BreadcrumbList\",\"@id\":\"https:\/\/www.slidup.com\/es\/informacion-legal\/#breadcrumb\",\"itemListElement\":[{\"@type\":\"ListItem\",\"position\":1,\"name\":\"Inicio\",\"item\":\"https:\/\/www.slidup.com\/es\/\"},{\"@type\":\"ListItem\",\"position\":2,\"name\":\"Informaci\u00f3n legal\"}]},{\"@type\":\"WebSite\",\"@id\":\"https:\/\/www.slidup.com\/es\/es\/#website\",\"url\":\"https:\/\/www.slidup.com\/es\/es\/\",\"name\":\"SLID\u2019UP by Mantion\",\"description\":\"\",\"publisher\":{\"@id\":\"https:\/\/www.slidup.com\/es\/es\/#organization\"},\"potentialAction\":[{\"@type\":\"SearchAction\",\"target\":{\"@type\":\"EntryPoint\",\"urlTemplate\":\"https:\/\/www.slidup.com\/es\/es\/?s={search_term_string}\"},\"query-input\":{\"@type\":\"PropertyValueSpecification\",\"valueRequired\":true,\"valueName\":\"search_term_string\"}}],\"inLanguage\":\"es\"},{\"@type\":\"Organization\",\"@id\":\"https:\/\/www.slidup.com\/es\/es\/#organization\",\"name\":\"SLID\u2019UP by Mantion\",\"url\":\"https:\/\/www.slidup.com\/es\/es\/\",\"logo\":{\"@type\":\"ImageObject\",\"inLanguage\":\"es\",\"@id\":\"https:\/\/www.slidup.com\/es\/es\/#\/schema\/logo\/image\/\",\"url\":\"https:\/\/www.slidup.com\/es\/wp-content\/uploads\/sites\/2\/2023\/11\/logo-300x86-1.png\",\"contentUrl\":\"https:\/\/www.slidup.com\/es\/wp-content\/uploads\/sites\/2\/2023\/11\/logo-300x86-1.png\",\"width\":300,\"height\":86,\"caption\":\"SLID\u2019UP by Mantion\"},\"image\":{\"@id\":\"https:\/\/www.slidup.com\/es\/es\/#\/schema\/logo\/image\/\"}}]}<\/script>\n<!-- \/ Yoast SEO plugin. -->","yoast_head_json":{"title":"Informaci\u00f3n legal - SLID\u2019UP by Mantion","robots":{"index":"index","follow":"follow","max-snippet":"max-snippet:-1","max-image-preview":"max-image-preview:large","max-video-preview":"max-video-preview:-1"},"canonical":"https:\/\/www.slidup.com\/es\/informacion-legal\/","og_locale":"es_ES","og_type":"article","og_title":"Informaci\u00f3n legal - SLID\u2019UP by Mantion","og_description":"\u00daltima actualizaci\u00f3n: 28 de abril de 2024 &nbsp; La navegaci\u00f3n continua por este sitio implica la aceptaci\u00f3n sin reservas de las siguientes disposiciones y condiciones de uso. La versi\u00f3n de las presentes condiciones de uso actualmente en l\u00ednea es la \u00fanica que podr\u00e1 invocarse durante todo el periodo de utilizaci\u00f3n del sitio y hasta que &hellip; Continued","og_url":"https:\/\/www.slidup.com\/es\/informacion-legal\/","og_site_name":"SLID\u2019UP by Mantion","article_modified_time":"2024-06-21T12:30:55+00:00","twitter_card":"summary_large_image","twitter_misc":{"Tiempo de lectura":"10 minutos"},"schema":{"@context":"https:\/\/schema.org","@graph":[{"@type":"WebPage","@id":"https:\/\/www.slidup.com\/es\/informacion-legal\/","url":"https:\/\/www.slidup.com\/es\/informacion-legal\/","name":"Informaci\u00f3n legal - SLID\u2019UP by Mantion","isPartOf":{"@id":"https:\/\/www.slidup.com\/es\/es\/#website"},"datePublished":"2023-12-07T15:44:11+00:00","dateModified":"2024-06-21T12:30:55+00:00","breadcrumb":{"@id":"https:\/\/www.slidup.com\/es\/informacion-legal\/#breadcrumb"},"inLanguage":"es","potentialAction":[{"@type":"ReadAction","target":["https:\/\/www.slidup.com\/es\/informacion-legal\/"]}]},{"@type":"BreadcrumbList","@id":"https:\/\/www.slidup.com\/es\/informacion-legal\/#breadcrumb","itemListElement":[{"@type":"ListItem","position":1,"name":"Inicio","item":"https:\/\/www.slidup.com\/es\/"},{"@type":"ListItem","position":2,"name":"Informaci\u00f3n legal"}]},{"@type":"WebSite","@id":"https:\/\/www.slidup.com\/es\/es\/#website","url":"https:\/\/www.slidup.com\/es\/es\/","name":"SLID\u2019UP by Mantion","description":"","publisher":{"@id":"https:\/\/www.slidup.com\/es\/es\/#organization"},"potentialAction":[{"@type":"SearchAction","target":{"@type":"EntryPoint","urlTemplate":"https:\/\/www.slidup.com\/es\/es\/?s={search_term_string}"},"query-input":{"@type":"PropertyValueSpecification","valueRequired":true,"valueName":"search_term_string"}}],"inLanguage":"es"},{"@type":"Organization","@id":"https:\/\/www.slidup.com\/es\/es\/#organization","name":"SLID\u2019UP by Mantion","url":"https:\/\/www.slidup.com\/es\/es\/","logo":{"@type":"ImageObject","inLanguage":"es","@id":"https:\/\/www.slidup.com\/es\/es\/#\/schema\/logo\/image\/","url":"https:\/\/www.slidup.com\/es\/wp-content\/uploads\/sites\/2\/2023\/11\/logo-300x86-1.png","contentUrl":"https:\/\/www.slidup.com\/es\/wp-content\/uploads\/sites\/2\/2023\/11\/logo-300x86-1.png","width":300,"height":86,"caption":"SLID\u2019UP by Mantion"},"image":{"@id":"https:\/\/www.slidup.com\/es\/es\/#\/schema\/logo\/image\/"}}]}},"_links":{"self":[{"href":"https:\/\/www.slidup.com\/es\/wp-json\/wp\/v2\/pages\/23910"}],"collection":[{"href":"https:\/\/www.slidup.com\/es\/wp-json\/wp\/v2\/pages"}],"about":[{"href":"https:\/\/www.slidup.com\/es\/wp-json\/wp\/v2\/types\/page"}],"author":[{"embeddable":true,"href":"https:\/\/www.slidup.com\/es\/wp-json\/wp\/v2\/users\/1340"}],"replies":[{"embeddable":true,"href":"https:\/\/www.slidup.com\/es\/wp-json\/wp\/v2\/comments?post=23910"}],"version-history":[{"count":11,"href":"https:\/\/www.slidup.com\/es\/wp-json\/wp\/v2\/pages\/23910\/revisions"}],"predecessor-version":[{"id":73668,"href":"https:\/\/www.slidup.com\/es\/wp-json\/wp\/v2\/pages\/23910\/revisions\/73668"}],"wp:attachment":[{"href":"https:\/\/www.slidup.com\/es\/wp-json\/wp\/v2\/media?parent=23910"}],"curies":[{"name":"wp","href":"https:\/\/api.w.org\/{rel}","templated":true}]}}