
{"id":11578,"date":"2022-02-21T15:07:10","date_gmt":"2022-02-21T19:07:10","guid":{"rendered":"https:\/\/www.slidup.com\/us\/?page_id=11578"},"modified":"2024-06-21T11:17:21","modified_gmt":"2024-06-21T09:17:21","slug":"como-elegir-el-herraje-para-su-puerta-corredera","status":"publish","type":"page","link":"https:\/\/www.slidup.com\/es\/como-elegir-el-herraje-para-su-puerta-corredera\/","title":{"rendered":"C\u00f3mo elegir el herraje para su puerta corredera"},"content":{"rendered":"<h1>\u00bfQu\u00e9 hay que tener en cuenta al elegir los herrajes de las puertas correderas?<\/h1>\n<p><em>\u00bfVa a instalar un nuevo armario o ropero? \u00bfO le gusta la sencillez y la facilidad de una puerta corredera en lugar de una puerta batiente?<\/em><\/p>\n<p><em>SLID&#8221;UP by Mantion le ofrece una amplia variedad de herrajes para puertas correderas que se adaptan a sus necesidades: kits completos listos para instalar (con llaves incluidas), rieles, herrajes, tiradores, cubiertas, accesorios varios&#8230;<\/em><\/p>\n<p><em>Facilitamos el montaje de su puerta corredera con nuestros herrajes de calidad, ofreci\u00e9ndole m\u00e1s comodidad, solidez y est\u00e9tica.<\/em><\/p>\n<h4>Ventajas de los herrajes para puertas correderas:<\/h4>\n<ul>\n<li><strong>Ahorro de espacio<\/strong>: en lugar de una puerta batiente cl\u00e1sica.<\/li>\n<li><strong>Varias aplicaciones<\/strong>: para interiores o exteriores, separadores de ambientes, puertas correderas de aparadores, puertas correderas de armarios o roperos, puertas correderas plegables&#8230;<\/li>\n<li><strong>Adaptable:<\/strong> puede adaptarse a puertas de madera o de vidrio de distinto peso y espesor. Los perfiles vendidos por Slid&#8217;Up pueden cortarse para adaptarse a sus dimensiones espec\u00edficas.<\/li>\n<\/ul>\n","protected":false},"excerpt":{"rendered":"<p>\u00bfQu\u00e9 hay que tener en cuenta al elegir los herrajes de las puertas correderas? \u00bfVa a instalar un nuevo armario o ropero? \u00bfO le gusta la sencillez y la facilidad de una puerta corredera en lugar de una puerta batiente? SLID&#8221;UP by Mantion le ofrece una amplia variedad de herrajes para puertas correderas que se &hellip; <a href=\"https:\/\/www.slidup.com\/es\/como-elegir-el-herraje-para-su-puerta-corredera\/\">Continued<\/a><\/p>\n","protected":false},"author":2441,"featured_media":11581,"parent":0,"menu_order":0,"comment_status":"closed","ping_status":"closed","template":"template-pages\/tpl-how-to-choose-sliding-door-hardware.php","meta":{"_relevanssi_hide_post":"","_relevanssi_hide_content":"","_relevanssi_pin_for_all":"","_relevanssi_pin_keywords":"","_relevanssi_unpin_keywords":"","_relevanssi_related_keywords":"","_relevanssi_related_include_ids":"","_relevanssi_related_exclude_ids":"","_relevanssi_related_no_append":"","_relevanssi_related_not_related":"","_relevanssi_related_posts":"","_relevanssi_noindex_reason":"","footnotes":""},"class_list":["post-11578","page","type-page","status-publish","has-post-thumbnail","hentry"],"acf":[],"yoast_head":"<!-- This site is optimized with the Yoast SEO plugin v23.6 - https:\/\/yoast.com\/wordpress\/plugins\/seo\/ -->\n<title>C\u00f3mo elegir el herraje para su puerta corredera - SLID&#039;UP by MANTION<\/title>\n<meta name=\"description\" content=\"Descubra toda la informaci\u00f3n que necesita para elegir el herraje para puertas correderas perfecto seg\u00fan su proyecto. \u00a1P\u00f3ngase en contacto con nosotros!\" \/>\n<meta name=\"robots\" content=\"index, follow, max-snippet:-1, max-image-preview:large, max-video-preview:-1\" \/>\n<link rel=\"canonical\" href=\"https:\/\/www.slidup.com\/es\/como-elegir-el-herraje-para-su-puerta-corredera\/\" \/>\n<meta property=\"og:locale\" content=\"es_ES\" \/>\n<meta property=\"og:type\" content=\"article\" \/>\n<meta property=\"og:title\" content=\"C\u00f3mo elegir el herraje para su puerta corredera - SLID&#039;UP by MANTION\" \/>\n<meta property=\"og:description\" content=\"Descubra toda la informaci\u00f3n que necesita para elegir el herraje para puertas correderas perfecto seg\u00fan su proyecto. \u00a1P\u00f3ngase en contacto con nosotros!\" \/>\n<meta property=\"og:url\" content=\"https:\/\/www.slidup.com\/es\/como-elegir-el-herraje-para-su-puerta-corredera\/\" \/>\n<meta property=\"og:site_name\" content=\"SLID\u2019UP by Mantion\" \/>\n<meta property=\"article:modified_time\" content=\"2024-06-21T09:17:21+00:00\" \/>\n<meta property=\"og:image\" content=\"https:\/\/www.slidup.com\/es\/wp-content\/uploads\/sites\/2\/2020\/05\/su5371_amb_bd_w_01.jpg\" \/>\n\t<meta property=\"og:image:width\" content=\"1000\" \/>\n\t<meta property=\"og:image:height\" content=\"1000\" \/>\n\t<meta property=\"og:image:type\" content=\"image\/jpeg\" \/>\n<meta name=\"twitter:card\" content=\"summary_large_image\" \/>\n<meta name=\"twitter:label1\" content=\"Tiempo de lectura\" \/>\n\t<meta name=\"twitter:data1\" content=\"1 minuto\" \/>\n<script type=\"application\/ld+json\" class=\"yoast-schema-graph\">{\"@context\":\"https:\/\/schema.org\",\"@graph\":[{\"@type\":\"WebPage\",\"@id\":\"https:\/\/www.slidup.com\/es\/como-elegir-el-herraje-para-su-puerta-corredera\/\",\"url\":\"https:\/\/www.slidup.com\/es\/como-elegir-el-herraje-para-su-puerta-corredera\/\",\"name\":\"C\u00f3mo elegir el herraje para su puerta corredera - SLID'UP by MANTION\",\"isPartOf\":{\"@id\":\"https:\/\/www.slidup.com\/es\/es\/#website\"},\"primaryImageOfPage\":{\"@id\":\"https:\/\/www.slidup.com\/es\/como-elegir-el-herraje-para-su-puerta-corredera\/#primaryimage\"},\"image\":{\"@id\":\"https:\/\/www.slidup.com\/es\/como-elegir-el-herraje-para-su-puerta-corredera\/#primaryimage\"},\"thumbnailUrl\":\"https:\/\/www.slidup.com\/es\/wp-content\/uploads\/sites\/2\/2020\/05\/su5371_amb_bd_w_01.jpg\",\"datePublished\":\"2022-02-21T19:07:10+00:00\",\"dateModified\":\"2024-06-21T09:17:21+00:00\",\"description\":\"Descubra toda la informaci\u00f3n que necesita para elegir el herraje para puertas correderas perfecto seg\u00fan su proyecto. \u00a1P\u00f3ngase en contacto con nosotros!\",\"breadcrumb\":{\"@id\":\"https:\/\/www.slidup.com\/es\/como-elegir-el-herraje-para-su-puerta-corredera\/#breadcrumb\"},\"inLanguage\":\"es\",\"potentialAction\":[{\"@type\":\"ReadAction\",\"target\":[\"https:\/\/www.slidup.com\/es\/como-elegir-el-herraje-para-su-puerta-corredera\/\"]}]},{\"@type\":\"ImageObject\",\"inLanguage\":\"es\",\"@id\":\"https:\/\/www.slidup.com\/es\/como-elegir-el-herraje-para-su-puerta-corredera\/#primaryimage\",\"url\":\"https:\/\/www.slidup.com\/es\/wp-content\/uploads\/sites\/2\/2020\/05\/su5371_amb_bd_w_01.jpg\",\"contentUrl\":\"https:\/\/www.slidup.com\/es\/wp-content\/uploads\/sites\/2\/2020\/05\/su5371_amb_bd_w_01.jpg\",\"width\":1000,\"height\":1000},{\"@type\":\"BreadcrumbList\",\"@id\":\"https:\/\/www.slidup.com\/es\/como-elegir-el-herraje-para-su-puerta-corredera\/#breadcrumb\",\"itemListElement\":[{\"@type\":\"ListItem\",\"position\":1,\"name\":\"Inicio\",\"item\":\"https:\/\/www.slidup.com\/es\/\"},{\"@type\":\"ListItem\",\"position\":2,\"name\":\"C\u00f3mo elegir el herraje para su puerta corredera\"}]},{\"@type\":\"WebSite\",\"@id\":\"https:\/\/www.slidup.com\/es\/es\/#website\",\"url\":\"https:\/\/www.slidup.com\/es\/es\/\",\"name\":\"SLID\u2019UP by Mantion\",\"description\":\"\",\"publisher\":{\"@id\":\"https:\/\/www.slidup.com\/es\/es\/#organization\"},\"potentialAction\":[{\"@type\":\"SearchAction\",\"target\":{\"@type\":\"EntryPoint\",\"urlTemplate\":\"https:\/\/www.slidup.com\/es\/es\/?s={search_term_string}\"},\"query-input\":{\"@type\":\"PropertyValueSpecification\",\"valueRequired\":true,\"valueName\":\"search_term_string\"}}],\"inLanguage\":\"es\"},{\"@type\":\"Organization\",\"@id\":\"https:\/\/www.slidup.com\/es\/es\/#organization\",\"name\":\"SLID\u2019UP by Mantion\",\"url\":\"https:\/\/www.slidup.com\/es\/es\/\",\"logo\":{\"@type\":\"ImageObject\",\"inLanguage\":\"es\",\"@id\":\"https:\/\/www.slidup.com\/es\/es\/#\/schema\/logo\/image\/\",\"url\":\"https:\/\/www.slidup.com\/es\/wp-content\/uploads\/sites\/2\/2023\/11\/logo-300x86-1.png\",\"contentUrl\":\"https:\/\/www.slidup.com\/es\/wp-content\/uploads\/sites\/2\/2023\/11\/logo-300x86-1.png\",\"width\":300,\"height\":86,\"caption\":\"SLID\u2019UP by Mantion\"},\"image\":{\"@id\":\"https:\/\/www.slidup.com\/es\/es\/#\/schema\/logo\/image\/\"}}]}<\/script>\n<!-- \/ Yoast SEO plugin. -->","yoast_head_json":{"title":"C\u00f3mo elegir el herraje para su puerta corredera - SLID'UP by MANTION","description":"Descubra toda la informaci\u00f3n que necesita para elegir el herraje para puertas correderas perfecto seg\u00fan su proyecto. \u00a1P\u00f3ngase en contacto con nosotros!","robots":{"index":"index","follow":"follow","max-snippet":"max-snippet:-1","max-image-preview":"max-image-preview:large","max-video-preview":"max-video-preview:-1"},"canonical":"https:\/\/www.slidup.com\/es\/como-elegir-el-herraje-para-su-puerta-corredera\/","og_locale":"es_ES","og_type":"article","og_title":"C\u00f3mo elegir el herraje para su puerta corredera - SLID'UP by MANTION","og_description":"Descubra toda la informaci\u00f3n que necesita para elegir el herraje para puertas correderas perfecto seg\u00fan su proyecto. \u00a1P\u00f3ngase en contacto con nosotros!","og_url":"https:\/\/www.slidup.com\/es\/como-elegir-el-herraje-para-su-puerta-corredera\/","og_site_name":"SLID\u2019UP by Mantion","article_modified_time":"2024-06-21T09:17:21+00:00","og_image":[{"width":1000,"height":1000,"url":"https:\/\/www.slidup.com\/es\/wp-content\/uploads\/sites\/2\/2020\/05\/su5371_amb_bd_w_01.jpg","type":"image\/jpeg"}],"twitter_card":"summary_large_image","twitter_misc":{"Tiempo de lectura":"1 minuto"},"schema":{"@context":"https:\/\/schema.org","@graph":[{"@type":"WebPage","@id":"https:\/\/www.slidup.com\/es\/como-elegir-el-herraje-para-su-puerta-corredera\/","url":"https:\/\/www.slidup.com\/es\/como-elegir-el-herraje-para-su-puerta-corredera\/","name":"C\u00f3mo elegir el herraje para su puerta corredera - SLID'UP by MANTION","isPartOf":{"@id":"https:\/\/www.slidup.com\/es\/es\/#website"},"primaryImageOfPage":{"@id":"https:\/\/www.slidup.com\/es\/como-elegir-el-herraje-para-su-puerta-corredera\/#primaryimage"},"image":{"@id":"https:\/\/www.slidup.com\/es\/como-elegir-el-herraje-para-su-puerta-corredera\/#primaryimage"},"thumbnailUrl":"https:\/\/www.slidup.com\/es\/wp-content\/uploads\/sites\/2\/2020\/05\/su5371_amb_bd_w_01.jpg","datePublished":"2022-02-21T19:07:10+00:00","dateModified":"2024-06-21T09:17:21+00:00","description":"Descubra toda la informaci\u00f3n que necesita para elegir el herraje para puertas correderas perfecto seg\u00fan su proyecto. \u00a1P\u00f3ngase en contacto con nosotros!","breadcrumb":{"@id":"https:\/\/www.slidup.com\/es\/como-elegir-el-herraje-para-su-puerta-corredera\/#breadcrumb"},"inLanguage":"es","potentialAction":[{"@type":"ReadAction","target":["https:\/\/www.slidup.com\/es\/como-elegir-el-herraje-para-su-puerta-corredera\/"]}]},{"@type":"ImageObject","inLanguage":"es","@id":"https:\/\/www.slidup.com\/es\/como-elegir-el-herraje-para-su-puerta-corredera\/#primaryimage","url":"https:\/\/www.slidup.com\/es\/wp-content\/uploads\/sites\/2\/2020\/05\/su5371_amb_bd_w_01.jpg","contentUrl":"https:\/\/www.slidup.com\/es\/wp-content\/uploads\/sites\/2\/2020\/05\/su5371_amb_bd_w_01.jpg","width":1000,"height":1000},{"@type":"BreadcrumbList","@id":"https:\/\/www.slidup.com\/es\/como-elegir-el-herraje-para-su-puerta-corredera\/#breadcrumb","itemListElement":[{"@type":"ListItem","position":1,"name":"Inicio","item":"https:\/\/www.slidup.com\/es\/"},{"@type":"ListItem","position":2,"name":"C\u00f3mo elegir el herraje para su puerta corredera"}]},{"@type":"WebSite","@id":"https:\/\/www.slidup.com\/es\/es\/#website","url":"https:\/\/www.slidup.com\/es\/es\/","name":"SLID\u2019UP by Mantion","description":"","publisher":{"@id":"https:\/\/www.slidup.com\/es\/es\/#organization"},"potentialAction":[{"@type":"SearchAction","target":{"@type":"EntryPoint","urlTemplate":"https:\/\/www.slidup.com\/es\/es\/?s={search_term_string}"},"query-input":{"@type":"PropertyValueSpecification","valueRequired":true,"valueName":"search_term_string"}}],"inLanguage":"es"},{"@type":"Organization","@id":"https:\/\/www.slidup.com\/es\/es\/#organization","name":"SLID\u2019UP by Mantion","url":"https:\/\/www.slidup.com\/es\/es\/","logo":{"@type":"ImageObject","inLanguage":"es","@id":"https:\/\/www.slidup.com\/es\/es\/#\/schema\/logo\/image\/","url":"https:\/\/www.slidup.com\/es\/wp-content\/uploads\/sites\/2\/2023\/11\/logo-300x86-1.png","contentUrl":"https:\/\/www.slidup.com\/es\/wp-content\/uploads\/sites\/2\/2023\/11\/logo-300x86-1.png","width":300,"height":86,"caption":"SLID\u2019UP by Mantion"},"image":{"@id":"https:\/\/www.slidup.com\/es\/es\/#\/schema\/logo\/image\/"}}]}},"_links":{"self":[{"href":"https:\/\/www.slidup.com\/es\/wp-json\/wp\/v2\/pages\/11578"}],"collection":[{"href":"https:\/\/www.slidup.com\/es\/wp-json\/wp\/v2\/pages"}],"about":[{"href":"https:\/\/www.slidup.com\/es\/wp-json\/wp\/v2\/types\/page"}],"author":[{"embeddable":true,"href":"https:\/\/www.slidup.com\/es\/wp-json\/wp\/v2\/users\/2441"}],"replies":[{"embeddable":true,"href":"https:\/\/www.slidup.com\/es\/wp-json\/wp\/v2\/comments?post=11578"}],"version-history":[{"count":30,"href":"https:\/\/www.slidup.com\/es\/wp-json\/wp\/v2\/pages\/11578\/revisions"}],"predecessor-version":[{"id":70412,"href":"https:\/\/www.slidup.com\/es\/wp-json\/wp\/v2\/pages\/11578\/revisions\/70412"}],"wp:featuredmedia":[{"embeddable":true,"href":"https:\/\/www.slidup.com\/es\/wp-json\/wp\/v2\/media\/11581"}],"wp:attachment":[{"href":"https:\/\/www.slidup.com\/es\/wp-json\/wp\/v2\/media?parent=11578"}],"curies":[{"name":"wp","href":"https:\/\/api.w.org\/{rel}","templated":true}]}}