
{"id":11563,"date":"2022-02-21T16:12:05","date_gmt":"2022-02-21T20:12:05","guid":{"rendered":"https:\/\/www.slidup.com\/us\/?page_id=11563"},"modified":"2024-05-01T21:57:31","modified_gmt":"2024-05-01T19:57:31","slug":"videos-de-como-instalar","status":"publish","type":"page","link":"https:\/\/www.slidup.com\/es\/videos-de-como-instalar\/","title":{"rendered":"Videos de C\u00f3mo Instalar"},"content":{"rendered":"<p><em>\u00bfNecesita ayuda para instalar los herrajes de su puerta corredera?<\/em><\/p>\n<p>Nuestro equipo ha realizado estos v\u00eddeos para mostrarle paso a paso c\u00f3mo instalar los herrajes de su puerta corredera.<\/p>\n<p>Busque el v\u00eddeo que corresponde a la gama que ha comprado y empiece a verlo.<\/p>\n<p>Si todav\u00eda tiene alguna duda, p\u00f3ngase en contacto con nuestro centro de atenci\u00f3n al cliente en el <a href=\"tel:900 933 363\"><strong>900\u00a0933 363<\/strong><\/a>\u00a0o por correo electr\u00f3nico en <strong><a href=\"mailto:cliente.es@slidup.com\">cliente.es@slidup.com<\/a><\/strong><\/p>\n","protected":false},"excerpt":{"rendered":"<p>\u00bfNecesita ayuda para instalar los herrajes de su puerta corredera? Nuestro equipo ha realizado estos v\u00eddeos para mostrarle paso a paso c\u00f3mo instalar los herrajes de su puerta corredera. Busque el v\u00eddeo que corresponde a la gama que ha comprado y empiece a verlo. Si todav\u00eda tiene alguna duda, p\u00f3ngase en contacto con nuestro centro &hellip; <a href=\"https:\/\/www.slidup.com\/es\/videos-de-como-instalar\/\">Continued<\/a><\/p>\n","protected":false},"author":2441,"featured_media":11564,"parent":0,"menu_order":0,"comment_status":"closed","ping_status":"closed","template":"template-pages\/tpl-how-to-videos.php","meta":{"_relevanssi_hide_post":"","_relevanssi_hide_content":"","_relevanssi_pin_for_all":"","_relevanssi_pin_keywords":"","_relevanssi_unpin_keywords":"","_relevanssi_related_keywords":"","_relevanssi_related_include_ids":"","_relevanssi_related_exclude_ids":"","_relevanssi_related_no_append":"","_relevanssi_related_not_related":"","_relevanssi_related_posts":"","_relevanssi_noindex_reason":"","footnotes":""},"class_list":["post-11563","page","type-page","status-publish","has-post-thumbnail","hentry"],"acf":[],"yoast_head":"<!-- This site is optimized with the Yoast SEO plugin v23.6 - https:\/\/yoast.com\/wordpress\/plugins\/seo\/ -->\n<title>Videos de C\u00f3mo Instalar - SLID&#039;UP by MANTION USA<\/title>\n<meta name=\"description\" content=\"Descubra nuestros v\u00eddeos que le ayudar\u00e1n a instalar sus herrajes para puertas correderas. Si tiene alguna pregunta, estamos disponibles por tel\u00e9fono o email\" \/>\n<meta name=\"robots\" content=\"index, follow, max-snippet:-1, max-image-preview:large, max-video-preview:-1\" \/>\n<link rel=\"canonical\" href=\"https:\/\/www.slidup.com\/es\/videos-de-como-instalar\/\" \/>\n<meta property=\"og:locale\" content=\"es_ES\" \/>\n<meta property=\"og:type\" content=\"article\" \/>\n<meta property=\"og:title\" content=\"Videos de C\u00f3mo Instalar - SLID&#039;UP by MANTION USA\" \/>\n<meta property=\"og:description\" content=\"Descubra nuestros v\u00eddeos que le ayudar\u00e1n a instalar sus herrajes para puertas correderas. Si tiene alguna pregunta, estamos disponibles por tel\u00e9fono o email\" \/>\n<meta property=\"og:url\" content=\"https:\/\/www.slidup.com\/es\/videos-de-como-instalar\/\" \/>\n<meta property=\"og:site_name\" content=\"SLID\u2019UP by Mantion\" \/>\n<meta property=\"article:modified_time\" content=\"2024-05-01T19:57:31+00:00\" \/>\n<meta property=\"og:image\" content=\"https:\/\/www.slidup.com\/es\/wp-content\/uploads\/sites\/2\/2020\/03\/home.jpg\" \/>\n\t<meta property=\"og:image:width\" content=\"1110\" \/>\n\t<meta property=\"og:image:height\" content=\"1110\" \/>\n\t<meta property=\"og:image:type\" content=\"image\/jpeg\" \/>\n<meta name=\"twitter:card\" content=\"summary_large_image\" \/>\n<meta name=\"twitter:label1\" content=\"Tiempo de lectura\" \/>\n\t<meta name=\"twitter:data1\" content=\"1 minuto\" \/>\n<script type=\"application\/ld+json\" class=\"yoast-schema-graph\">{\"@context\":\"https:\/\/schema.org\",\"@graph\":[{\"@type\":\"WebPage\",\"@id\":\"https:\/\/www.slidup.com\/es\/videos-de-como-instalar\/\",\"url\":\"https:\/\/www.slidup.com\/es\/videos-de-como-instalar\/\",\"name\":\"Videos de C\u00f3mo Instalar - SLID'UP by MANTION USA\",\"isPartOf\":{\"@id\":\"https:\/\/www.slidup.com\/es\/es\/#website\"},\"primaryImageOfPage\":{\"@id\":\"https:\/\/www.slidup.com\/es\/videos-de-como-instalar\/#primaryimage\"},\"image\":{\"@id\":\"https:\/\/www.slidup.com\/es\/videos-de-como-instalar\/#primaryimage\"},\"thumbnailUrl\":\"https:\/\/www.slidup.com\/es\/wp-content\/uploads\/sites\/2\/2020\/03\/home.jpg\",\"datePublished\":\"2022-02-21T20:12:05+00:00\",\"dateModified\":\"2024-05-01T19:57:31+00:00\",\"description\":\"Descubra nuestros v\u00eddeos que le ayudar\u00e1n a instalar sus herrajes para puertas correderas. Si tiene alguna pregunta, estamos disponibles por tel\u00e9fono o email\",\"breadcrumb\":{\"@id\":\"https:\/\/www.slidup.com\/es\/videos-de-como-instalar\/#breadcrumb\"},\"inLanguage\":\"es\",\"potentialAction\":[{\"@type\":\"ReadAction\",\"target\":[\"https:\/\/www.slidup.com\/es\/videos-de-como-instalar\/\"]}]},{\"@type\":\"ImageObject\",\"inLanguage\":\"es\",\"@id\":\"https:\/\/www.slidup.com\/es\/videos-de-como-instalar\/#primaryimage\",\"url\":\"https:\/\/www.slidup.com\/es\/wp-content\/uploads\/sites\/2\/2020\/03\/home.jpg\",\"contentUrl\":\"https:\/\/www.slidup.com\/es\/wp-content\/uploads\/sites\/2\/2020\/03\/home.jpg\",\"width\":1110,\"height\":1110},{\"@type\":\"BreadcrumbList\",\"@id\":\"https:\/\/www.slidup.com\/es\/videos-de-como-instalar\/#breadcrumb\",\"itemListElement\":[{\"@type\":\"ListItem\",\"position\":1,\"name\":\"Inicio\",\"item\":\"https:\/\/www.slidup.com\/es\/\"},{\"@type\":\"ListItem\",\"position\":2,\"name\":\"Videos de C\u00f3mo Instalar\"}]},{\"@type\":\"WebSite\",\"@id\":\"https:\/\/www.slidup.com\/es\/es\/#website\",\"url\":\"https:\/\/www.slidup.com\/es\/es\/\",\"name\":\"SLID\u2019UP by Mantion\",\"description\":\"\",\"publisher\":{\"@id\":\"https:\/\/www.slidup.com\/es\/es\/#organization\"},\"potentialAction\":[{\"@type\":\"SearchAction\",\"target\":{\"@type\":\"EntryPoint\",\"urlTemplate\":\"https:\/\/www.slidup.com\/es\/es\/?s={search_term_string}\"},\"query-input\":{\"@type\":\"PropertyValueSpecification\",\"valueRequired\":true,\"valueName\":\"search_term_string\"}}],\"inLanguage\":\"es\"},{\"@type\":\"Organization\",\"@id\":\"https:\/\/www.slidup.com\/es\/es\/#organization\",\"name\":\"SLID\u2019UP by Mantion\",\"url\":\"https:\/\/www.slidup.com\/es\/es\/\",\"logo\":{\"@type\":\"ImageObject\",\"inLanguage\":\"es\",\"@id\":\"https:\/\/www.slidup.com\/es\/es\/#\/schema\/logo\/image\/\",\"url\":\"https:\/\/www.slidup.com\/es\/wp-content\/uploads\/sites\/2\/2023\/11\/logo-300x86-1.png\",\"contentUrl\":\"https:\/\/www.slidup.com\/es\/wp-content\/uploads\/sites\/2\/2023\/11\/logo-300x86-1.png\",\"width\":300,\"height\":86,\"caption\":\"SLID\u2019UP by Mantion\"},\"image\":{\"@id\":\"https:\/\/www.slidup.com\/es\/es\/#\/schema\/logo\/image\/\"}}]}<\/script>\n<!-- \/ Yoast SEO plugin. -->","yoast_head_json":{"title":"Videos de C\u00f3mo Instalar - SLID'UP by MANTION USA","description":"Descubra nuestros v\u00eddeos que le ayudar\u00e1n a instalar sus herrajes para puertas correderas. Si tiene alguna pregunta, estamos disponibles por tel\u00e9fono o email","robots":{"index":"index","follow":"follow","max-snippet":"max-snippet:-1","max-image-preview":"max-image-preview:large","max-video-preview":"max-video-preview:-1"},"canonical":"https:\/\/www.slidup.com\/es\/videos-de-como-instalar\/","og_locale":"es_ES","og_type":"article","og_title":"Videos de C\u00f3mo Instalar - SLID'UP by MANTION USA","og_description":"Descubra nuestros v\u00eddeos que le ayudar\u00e1n a instalar sus herrajes para puertas correderas. Si tiene alguna pregunta, estamos disponibles por tel\u00e9fono o email","og_url":"https:\/\/www.slidup.com\/es\/videos-de-como-instalar\/","og_site_name":"SLID\u2019UP by Mantion","article_modified_time":"2024-05-01T19:57:31+00:00","og_image":[{"width":1110,"height":1110,"url":"https:\/\/www.slidup.com\/es\/wp-content\/uploads\/sites\/2\/2020\/03\/home.jpg","type":"image\/jpeg"}],"twitter_card":"summary_large_image","twitter_misc":{"Tiempo de lectura":"1 minuto"},"schema":{"@context":"https:\/\/schema.org","@graph":[{"@type":"WebPage","@id":"https:\/\/www.slidup.com\/es\/videos-de-como-instalar\/","url":"https:\/\/www.slidup.com\/es\/videos-de-como-instalar\/","name":"Videos de C\u00f3mo Instalar - SLID'UP by MANTION USA","isPartOf":{"@id":"https:\/\/www.slidup.com\/es\/es\/#website"},"primaryImageOfPage":{"@id":"https:\/\/www.slidup.com\/es\/videos-de-como-instalar\/#primaryimage"},"image":{"@id":"https:\/\/www.slidup.com\/es\/videos-de-como-instalar\/#primaryimage"},"thumbnailUrl":"https:\/\/www.slidup.com\/es\/wp-content\/uploads\/sites\/2\/2020\/03\/home.jpg","datePublished":"2022-02-21T20:12:05+00:00","dateModified":"2024-05-01T19:57:31+00:00","description":"Descubra nuestros v\u00eddeos que le ayudar\u00e1n a instalar sus herrajes para puertas correderas. Si tiene alguna pregunta, estamos disponibles por tel\u00e9fono o email","breadcrumb":{"@id":"https:\/\/www.slidup.com\/es\/videos-de-como-instalar\/#breadcrumb"},"inLanguage":"es","potentialAction":[{"@type":"ReadAction","target":["https:\/\/www.slidup.com\/es\/videos-de-como-instalar\/"]}]},{"@type":"ImageObject","inLanguage":"es","@id":"https:\/\/www.slidup.com\/es\/videos-de-como-instalar\/#primaryimage","url":"https:\/\/www.slidup.com\/es\/wp-content\/uploads\/sites\/2\/2020\/03\/home.jpg","contentUrl":"https:\/\/www.slidup.com\/es\/wp-content\/uploads\/sites\/2\/2020\/03\/home.jpg","width":1110,"height":1110},{"@type":"BreadcrumbList","@id":"https:\/\/www.slidup.com\/es\/videos-de-como-instalar\/#breadcrumb","itemListElement":[{"@type":"ListItem","position":1,"name":"Inicio","item":"https:\/\/www.slidup.com\/es\/"},{"@type":"ListItem","position":2,"name":"Videos de C\u00f3mo Instalar"}]},{"@type":"WebSite","@id":"https:\/\/www.slidup.com\/es\/es\/#website","url":"https:\/\/www.slidup.com\/es\/es\/","name":"SLID\u2019UP by Mantion","description":"","publisher":{"@id":"https:\/\/www.slidup.com\/es\/es\/#organization"},"potentialAction":[{"@type":"SearchAction","target":{"@type":"EntryPoint","urlTemplate":"https:\/\/www.slidup.com\/es\/es\/?s={search_term_string}"},"query-input":{"@type":"PropertyValueSpecification","valueRequired":true,"valueName":"search_term_string"}}],"inLanguage":"es"},{"@type":"Organization","@id":"https:\/\/www.slidup.com\/es\/es\/#organization","name":"SLID\u2019UP by Mantion","url":"https:\/\/www.slidup.com\/es\/es\/","logo":{"@type":"ImageObject","inLanguage":"es","@id":"https:\/\/www.slidup.com\/es\/es\/#\/schema\/logo\/image\/","url":"https:\/\/www.slidup.com\/es\/wp-content\/uploads\/sites\/2\/2023\/11\/logo-300x86-1.png","contentUrl":"https:\/\/www.slidup.com\/es\/wp-content\/uploads\/sites\/2\/2023\/11\/logo-300x86-1.png","width":300,"height":86,"caption":"SLID\u2019UP by Mantion"},"image":{"@id":"https:\/\/www.slidup.com\/es\/es\/#\/schema\/logo\/image\/"}}]}},"_links":{"self":[{"href":"https:\/\/www.slidup.com\/es\/wp-json\/wp\/v2\/pages\/11563"}],"collection":[{"href":"https:\/\/www.slidup.com\/es\/wp-json\/wp\/v2\/pages"}],"about":[{"href":"https:\/\/www.slidup.com\/es\/wp-json\/wp\/v2\/types\/page"}],"author":[{"embeddable":true,"href":"https:\/\/www.slidup.com\/es\/wp-json\/wp\/v2\/users\/2441"}],"replies":[{"embeddable":true,"href":"https:\/\/www.slidup.com\/es\/wp-json\/wp\/v2\/comments?post=11563"}],"version-history":[{"count":22,"href":"https:\/\/www.slidup.com\/es\/wp-json\/wp\/v2\/pages\/11563\/revisions"}],"predecessor-version":[{"id":67226,"href":"https:\/\/www.slidup.com\/es\/wp-json\/wp\/v2\/pages\/11563\/revisions\/67226"}],"wp:featuredmedia":[{"embeddable":true,"href":"https:\/\/www.slidup.com\/es\/wp-json\/wp\/v2\/media\/11564"}],"wp:attachment":[{"href":"https:\/\/www.slidup.com\/es\/wp-json\/wp\/v2\/media?parent=11563"}],"curies":[{"name":"wp","href":"https:\/\/api.w.org\/{rel}","templated":true}]}}