
{"id":11511,"date":"2022-02-18T17:09:33","date_gmt":"2022-02-18T21:09:33","guid":{"rendered":"https:\/\/www.slidup.com\/us\/?page_id=11511"},"modified":"2024-04-27T15:17:24","modified_gmt":"2024-04-27T13:17:24","slug":"preguntas-mas-frecuentes","status":"publish","type":"page","link":"https:\/\/www.slidup.com\/es\/preguntas-mas-frecuentes\/","title":{"rendered":"Preguntas m\u00e1s frecuentes"},"content":{"rendered":"<p>A continuaci\u00f3n, se muestra una recopilaci\u00f3n de las respuestas a las preguntas m\u00e1s frecuentes de nuestros clientes sobre nuestros productos, servicios y cualquier otro tema. Si a\u00fan no puede encontrar su respuesta aqu\u00ed, cont\u00e1ctenos a trav\u00e9s del chat en vivo para hablar con uno de nuestros especialistas.<\/p>\n<p>\u00bfTiene un proyecto de puerta corredera? Visite nuestra p\u00e1gina <a href=\"https:\/\/www.slidup.com\/es\/como-elegir-el-herraje-para-su-puerta-corredera\/\"><strong>Elegir el herraje para puertas correderas adecuado<\/strong><\/a>, donde brindamos consejos sobre c\u00f3mo seleccionar el herraje adecuado de acuerdo con sus necesidades.<\/p>\n","protected":false},"excerpt":{"rendered":"<p>A continuaci\u00f3n, se muestra una recopilaci\u00f3n de las respuestas a las preguntas m\u00e1s frecuentes de nuestros clientes sobre nuestros productos, servicios y cualquier otro tema. Si a\u00fan no puede encontrar su respuesta aqu\u00ed, cont\u00e1ctenos a trav\u00e9s del chat en vivo para hablar con uno de nuestros especialistas. \u00bfTiene un proyecto de puerta corredera? Visite nuestra &hellip; <a href=\"https:\/\/www.slidup.com\/es\/preguntas-mas-frecuentes\/\">Continued<\/a><\/p>\n","protected":false},"author":2441,"featured_media":0,"parent":0,"menu_order":0,"comment_status":"closed","ping_status":"closed","template":"template-pages\/tpl-faq.php","meta":{"_relevanssi_hide_post":"","_relevanssi_hide_content":"","_relevanssi_pin_for_all":"","_relevanssi_pin_keywords":"","_relevanssi_unpin_keywords":"","_relevanssi_related_keywords":"","_relevanssi_related_include_ids":"","_relevanssi_related_exclude_ids":"","_relevanssi_related_no_append":"","_relevanssi_related_not_related":"","_relevanssi_related_posts":"","_relevanssi_noindex_reason":"","footnotes":""},"class_list":["post-11511","page","type-page","status-publish","hentry"],"acf":[],"yoast_head":"<!-- This site is optimized with the Yoast SEO plugin v23.6 - https:\/\/yoast.com\/wordpress\/plugins\/seo\/ -->\n<title>Preguntas m\u00e1s frecuentes - SLID&#039;UP by MANTION USA<\/title>\n<meta name=\"description\" content=\"Conozca nuestros productos o servicios a trav\u00e9s de esta secci\u00f3n de preguntas frecuentes. Puede ponerse en contacto con nosotros por tel\u00e9fono o email.\" \/>\n<meta name=\"robots\" content=\"index, follow, max-snippet:-1, max-image-preview:large, max-video-preview:-1\" \/>\n<link rel=\"canonical\" href=\"https:\/\/www.slidup.com\/es\/preguntas-mas-frecuentes\/\" \/>\n<meta property=\"og:locale\" content=\"es_ES\" \/>\n<meta property=\"og:type\" content=\"article\" \/>\n<meta property=\"og:title\" content=\"Preguntas m\u00e1s frecuentes - SLID&#039;UP by MANTION USA\" \/>\n<meta property=\"og:description\" content=\"Conozca nuestros productos o servicios a trav\u00e9s de esta secci\u00f3n de preguntas frecuentes. Puede ponerse en contacto con nosotros por tel\u00e9fono o email.\" \/>\n<meta property=\"og:url\" content=\"https:\/\/www.slidup.com\/es\/preguntas-mas-frecuentes\/\" \/>\n<meta property=\"og:site_name\" content=\"SLID\u2019UP by Mantion\" \/>\n<meta property=\"article:modified_time\" content=\"2024-04-27T13:17:24+00:00\" \/>\n<meta name=\"twitter:card\" content=\"summary_large_image\" \/>\n<meta name=\"twitter:label1\" content=\"Tiempo de lectura\" \/>\n\t<meta name=\"twitter:data1\" content=\"1 minuto\" \/>\n<script type=\"application\/ld+json\" class=\"yoast-schema-graph\">{\"@context\":\"https:\/\/schema.org\",\"@graph\":[{\"@type\":\"WebPage\",\"@id\":\"https:\/\/www.slidup.com\/es\/preguntas-mas-frecuentes\/\",\"url\":\"https:\/\/www.slidup.com\/es\/preguntas-mas-frecuentes\/\",\"name\":\"Preguntas m\u00e1s frecuentes - SLID'UP by MANTION USA\",\"isPartOf\":{\"@id\":\"https:\/\/www.slidup.com\/es\/es\/#website\"},\"datePublished\":\"2022-02-18T21:09:33+00:00\",\"dateModified\":\"2024-04-27T13:17:24+00:00\",\"description\":\"Conozca nuestros productos o servicios a trav\u00e9s de esta secci\u00f3n de preguntas frecuentes. Puede ponerse en contacto con nosotros por tel\u00e9fono o email.\",\"breadcrumb\":{\"@id\":\"https:\/\/www.slidup.com\/es\/preguntas-mas-frecuentes\/#breadcrumb\"},\"inLanguage\":\"es\",\"potentialAction\":[{\"@type\":\"ReadAction\",\"target\":[\"https:\/\/www.slidup.com\/es\/preguntas-mas-frecuentes\/\"]}]},{\"@type\":\"BreadcrumbList\",\"@id\":\"https:\/\/www.slidup.com\/es\/preguntas-mas-frecuentes\/#breadcrumb\",\"itemListElement\":[{\"@type\":\"ListItem\",\"position\":1,\"name\":\"Inicio\",\"item\":\"https:\/\/www.slidup.com\/es\/\"},{\"@type\":\"ListItem\",\"position\":2,\"name\":\"Preguntas m\u00e1s frecuentes\"}]},{\"@type\":\"WebSite\",\"@id\":\"https:\/\/www.slidup.com\/es\/es\/#website\",\"url\":\"https:\/\/www.slidup.com\/es\/es\/\",\"name\":\"SLID\u2019UP by Mantion\",\"description\":\"\",\"publisher\":{\"@id\":\"https:\/\/www.slidup.com\/es\/es\/#organization\"},\"potentialAction\":[{\"@type\":\"SearchAction\",\"target\":{\"@type\":\"EntryPoint\",\"urlTemplate\":\"https:\/\/www.slidup.com\/es\/es\/?s={search_term_string}\"},\"query-input\":{\"@type\":\"PropertyValueSpecification\",\"valueRequired\":true,\"valueName\":\"search_term_string\"}}],\"inLanguage\":\"es\"},{\"@type\":\"Organization\",\"@id\":\"https:\/\/www.slidup.com\/es\/es\/#organization\",\"name\":\"SLID\u2019UP by Mantion\",\"url\":\"https:\/\/www.slidup.com\/es\/es\/\",\"logo\":{\"@type\":\"ImageObject\",\"inLanguage\":\"es\",\"@id\":\"https:\/\/www.slidup.com\/es\/es\/#\/schema\/logo\/image\/\",\"url\":\"https:\/\/www.slidup.com\/es\/wp-content\/uploads\/sites\/2\/2023\/11\/logo-300x86-1.png\",\"contentUrl\":\"https:\/\/www.slidup.com\/es\/wp-content\/uploads\/sites\/2\/2023\/11\/logo-300x86-1.png\",\"width\":300,\"height\":86,\"caption\":\"SLID\u2019UP by Mantion\"},\"image\":{\"@id\":\"https:\/\/www.slidup.com\/es\/es\/#\/schema\/logo\/image\/\"}}]}<\/script>\n<!-- \/ Yoast SEO plugin. -->","yoast_head_json":{"title":"Preguntas m\u00e1s frecuentes - SLID'UP by MANTION USA","description":"Conozca nuestros productos o servicios a trav\u00e9s de esta secci\u00f3n de preguntas frecuentes. Puede ponerse en contacto con nosotros por tel\u00e9fono o email.","robots":{"index":"index","follow":"follow","max-snippet":"max-snippet:-1","max-image-preview":"max-image-preview:large","max-video-preview":"max-video-preview:-1"},"canonical":"https:\/\/www.slidup.com\/es\/preguntas-mas-frecuentes\/","og_locale":"es_ES","og_type":"article","og_title":"Preguntas m\u00e1s frecuentes - SLID'UP by MANTION USA","og_description":"Conozca nuestros productos o servicios a trav\u00e9s de esta secci\u00f3n de preguntas frecuentes. Puede ponerse en contacto con nosotros por tel\u00e9fono o email.","og_url":"https:\/\/www.slidup.com\/es\/preguntas-mas-frecuentes\/","og_site_name":"SLID\u2019UP by Mantion","article_modified_time":"2024-04-27T13:17:24+00:00","twitter_card":"summary_large_image","twitter_misc":{"Tiempo de lectura":"1 minuto"},"schema":{"@context":"https:\/\/schema.org","@graph":[{"@type":"WebPage","@id":"https:\/\/www.slidup.com\/es\/preguntas-mas-frecuentes\/","url":"https:\/\/www.slidup.com\/es\/preguntas-mas-frecuentes\/","name":"Preguntas m\u00e1s frecuentes - SLID'UP by MANTION USA","isPartOf":{"@id":"https:\/\/www.slidup.com\/es\/es\/#website"},"datePublished":"2022-02-18T21:09:33+00:00","dateModified":"2024-04-27T13:17:24+00:00","description":"Conozca nuestros productos o servicios a trav\u00e9s de esta secci\u00f3n de preguntas frecuentes. Puede ponerse en contacto con nosotros por tel\u00e9fono o email.","breadcrumb":{"@id":"https:\/\/www.slidup.com\/es\/preguntas-mas-frecuentes\/#breadcrumb"},"inLanguage":"es","potentialAction":[{"@type":"ReadAction","target":["https:\/\/www.slidup.com\/es\/preguntas-mas-frecuentes\/"]}]},{"@type":"BreadcrumbList","@id":"https:\/\/www.slidup.com\/es\/preguntas-mas-frecuentes\/#breadcrumb","itemListElement":[{"@type":"ListItem","position":1,"name":"Inicio","item":"https:\/\/www.slidup.com\/es\/"},{"@type":"ListItem","position":2,"name":"Preguntas m\u00e1s frecuentes"}]},{"@type":"WebSite","@id":"https:\/\/www.slidup.com\/es\/es\/#website","url":"https:\/\/www.slidup.com\/es\/es\/","name":"SLID\u2019UP by Mantion","description":"","publisher":{"@id":"https:\/\/www.slidup.com\/es\/es\/#organization"},"potentialAction":[{"@type":"SearchAction","target":{"@type":"EntryPoint","urlTemplate":"https:\/\/www.slidup.com\/es\/es\/?s={search_term_string}"},"query-input":{"@type":"PropertyValueSpecification","valueRequired":true,"valueName":"search_term_string"}}],"inLanguage":"es"},{"@type":"Organization","@id":"https:\/\/www.slidup.com\/es\/es\/#organization","name":"SLID\u2019UP by Mantion","url":"https:\/\/www.slidup.com\/es\/es\/","logo":{"@type":"ImageObject","inLanguage":"es","@id":"https:\/\/www.slidup.com\/es\/es\/#\/schema\/logo\/image\/","url":"https:\/\/www.slidup.com\/es\/wp-content\/uploads\/sites\/2\/2023\/11\/logo-300x86-1.png","contentUrl":"https:\/\/www.slidup.com\/es\/wp-content\/uploads\/sites\/2\/2023\/11\/logo-300x86-1.png","width":300,"height":86,"caption":"SLID\u2019UP by Mantion"},"image":{"@id":"https:\/\/www.slidup.com\/es\/es\/#\/schema\/logo\/image\/"}}]}},"_links":{"self":[{"href":"https:\/\/www.slidup.com\/es\/wp-json\/wp\/v2\/pages\/11511"}],"collection":[{"href":"https:\/\/www.slidup.com\/es\/wp-json\/wp\/v2\/pages"}],"about":[{"href":"https:\/\/www.slidup.com\/es\/wp-json\/wp\/v2\/types\/page"}],"author":[{"embeddable":true,"href":"https:\/\/www.slidup.com\/es\/wp-json\/wp\/v2\/users\/2441"}],"replies":[{"embeddable":true,"href":"https:\/\/www.slidup.com\/es\/wp-json\/wp\/v2\/comments?post=11511"}],"version-history":[{"count":15,"href":"https:\/\/www.slidup.com\/es\/wp-json\/wp\/v2\/pages\/11511\/revisions"}],"predecessor-version":[{"id":67075,"href":"https:\/\/www.slidup.com\/es\/wp-json\/wp\/v2\/pages\/11511\/revisions\/67075"}],"wp:attachment":[{"href":"https:\/\/www.slidup.com\/es\/wp-json\/wp\/v2\/media?parent=11511"}],"curies":[{"name":"wp","href":"https:\/\/api.w.org\/{rel}","templated":true}]}}