
{"id":11507,"date":"2022-02-18T17:01:49","date_gmt":"2022-02-18T21:01:49","guid":{"rendered":"https:\/\/www.slidup.com\/us\/?page_id=11507"},"modified":"2025-11-25T19:45:04","modified_gmt":"2025-11-25T18:45:04","slug":"politica-de-privacidad","status":"publish","type":"page","link":"https:\/\/www.slidup.com\/es\/politica-de-privacidad\/","title":{"rendered":"Pol\u00edtica de Privacidad"},"content":{"rendered":"<h1>Pol\u00edtica de Privacidad<\/h1>\n<p>\u00daltima actualizaci\u00f3n: 28 de abril de 2024<\/p>\n<p><strong>ALCANCE<\/strong><\/p>\n<p>Esta Pol\u00edtica de Privacidad describe c\u00f3mo MANTION SAS &#8211; SLID&#8217;UP, sus afiliados y algunos de sus proveedores de servicios de terceros tratan la informaci\u00f3n personal de los clientes en nuestro Sitio web (el \u201cSitio\u201d). En esta Pol\u00edtica de Privacidad, cuando decimos \u201cMantion\u201d o \u201cnosotros\u201d, nos referimos a nosotros, a nuestros afiliados y a los proveedores de servicios de terceros correspondientes. Al utilizar el Sitio, usted acepta los t\u00e9rminos de esta Pol\u00edtica de Privacidad.<\/p>\n<p><strong>TIPOS DE INFORMACI\u00d3N QUE RECOPILAMOS<\/strong><\/p>\n<p>Mantion recopila informaci\u00f3n de usted y sobre usted. Por ejemplo, podemos recopilar:<\/p>\n<ul>\n<li><strong>Informaci\u00f3n de identificaci\u00f3n<\/strong> como su nombre, direcci\u00f3n postal, direcci\u00f3n de correo electr\u00f3nico, direcci\u00f3n postal y n\u00famero de tel\u00e9fono, incluyendo su n\u00famero de tel\u00e9fono m\u00f3vil.<\/li>\n<li><strong>Informaci\u00f3n de pago<\/strong>, como el n\u00famero de su tarjeta de cr\u00e9dito y la direcci\u00f3n de facturaci\u00f3n.<\/li>\n<li><strong>Informaci\u00f3n que usted publica<\/strong> en un espacio p\u00fablico de nuestro Sitio. Esto puede incluir nuestra secci\u00f3n de calificaciones y rese\u00f1as.<\/li>\n<li><strong>Informaci\u00f3n de medios sociales<\/strong> que usted publica en nuestras p\u00e1ginas de medios sociales. Tambi\u00e9n podemos recopilar la informaci\u00f3n de su perfil en las redes sociales.<\/li>\n<li><strong>Informaci\u00f3n que usted env\u00eda<\/strong>. Por ejemplo, podemos recopilar informaci\u00f3n cuando usted se pone en contacto con nosotros a trav\u00e9s de la funci\u00f3n \u201cLive Chat\u201d (CHAT EN VIVO) de nuestro Sitio. Tambi\u00e9n podemos recopilar informaci\u00f3n enviada para la creaci\u00f3n de una cuenta, para completar una solicitud, realizar un pedido o hacer una compra, incluidos los n\u00fameros de cuentas bancarias u otra informaci\u00f3n financiera.<\/li>\n<li><strong>Informaci\u00f3n sobre el dispositivo<\/strong>, como el tipo de dispositivo que utiliza para acceder a nuestro Sitio. Tambi\u00e9n puede incluir el n\u00famero de identificaci\u00f3n de su dispositivo, la direcci\u00f3n IP o el sistema operativo del m\u00f3vil.<\/li>\n<li><strong>Informaci\u00f3n comercial<\/strong>. Por ejemplo, podemos recopilar informaci\u00f3n sobre los productos comprados, obtenidos o considerados, as\u00ed como otros historiales o tendencias de compra o consumo.<\/li>\n<li><strong>Informaci\u00f3n sobre la actividad en Internet u otras redes.<\/strong> Por ejemplo, podemos recopilar informaci\u00f3n relacionada con su historial de navegaci\u00f3n, su historial de b\u00fasqueda y otra informaci\u00f3n relativa a sus interacciones con nuestro Sitio o los anuncios.<\/li>\n<li><strong>Otra informaci\u00f3n.<\/strong> Si utiliza nuestro Sitio, podemos recopilar informaci\u00f3n sobre el navegador que est\u00e1 utilizando. Podemos ver de qu\u00e9 Sitio viene o qu\u00e9 Sitio visita cuando nos abandona.<\/li>\n<\/ul>\n<p>&nbsp;<\/p>\n<p><strong>C\u00d3MO RECOPILAMOS SU INFORMACI\u00d3N<\/strong><\/p>\n<p>Mantion recopila informaci\u00f3n de diferentes maneras.<\/p>\n<p>&nbsp;<\/p>\n<p><strong>Directamente de usted.<\/strong> Por ejemplo, cuando usted:<\/p>\n<ul>\n<li>Realiza una compra en nuestro Sitio.<\/li>\n<li>Realiza una devoluci\u00f3n o un cambio.<\/li>\n<li>Crea una cuenta de compra personalizada.<\/li>\n<li>Realiza el seguimiento de un pedido en l\u00ednea.<\/li>\n<li>Se inscribe para recibir correos electr\u00f3nicos o mensajes de texto promocionales (incluyendo ofertas y alertas de ventas).<\/li>\n<li>Se inscribe en un programa o club de fidelidad, de recompensas o similar.<\/li>\n<li>Proporciona su informaci\u00f3n de contacto a nuestro representante de servicio al cliente.<\/li>\n<li>Env\u00eda una solicitud a nuestro equipo de atenci\u00f3n al cliente.<\/li>\n<li>Participa en uno de nuestros sorteos promocionales, concursos, encuestas o grupos de discusi\u00f3n.<\/li>\n<li>Utiliza los servicios y secciones de calificaci\u00f3n y rese\u00f1as, o los servicios y funciones relacionados.<\/li>\n<li>Interact\u00faa con las p\u00e1ginas de medios sociales de Mantion.<\/li>\n<\/ul>\n<p>&nbsp;<\/p>\n<p><strong>De forma pasiva.<\/strong> Por ejemplo, cuando usted<\/p>\n<ul>\n<li>Visita y navega por este Sitio en cualquier dispositivo.<\/li>\n<li>Hace clic en enlaces patrocinados o anuncios de terceros.<\/li>\n<li>Recibe o interact\u00faa con las comunicaciones de Mantion y el Sitio que pueden contener cookies o p\u00edxeles.<\/li>\n<\/ul>\n<p>&nbsp;<\/p>\n<p><strong>De terceros.<\/strong> Podemos recibir informaci\u00f3n sobre usted de otras fuentes. Por ejemplo, esto puede incluir la recepci\u00f3n de informaci\u00f3n de:<\/p>\n<ul>\n<li>Nuestros socios comerciales, incluidas las redes de publicidad en l\u00ednea y las empresas que copatrocinan nuestras promociones.<\/li>\n<\/ul>\n<ul>\n<li>Sitios web de redes sociales, como Facebook, Twitter, YouTube e Instagram.\n<ul>\n<li>Empresas que proporcionan informaci\u00f3n para complementar lo que ya sabemos sobre usted, incluidos los corredores de datos.<\/li>\n<\/ul>\n<\/li>\n<\/ul>\n<p><strong>\u00a0<\/strong><\/p>\n<p><strong>C\u00d3MO UTILIZAMOS SU INFORMACI\u00d3N<\/strong><\/p>\n<p><strong><em>Para fines comerciales:<\/em><\/strong><\/p>\n<ul>\n<li><strong>Para ofrecer nuestros productos<\/strong>. Esto podr\u00eda incluir el cumplimiento de sus solicitudes de productos. Tambi\u00e9n podr\u00eda incluir el procesamiento de compras o transacciones de devoluci\u00f3n.<\/li>\n<li><strong>Para mejorar nuestros productos<\/strong>. Podemos utilizar su informaci\u00f3n para mejorar nuestro Sitio. Tambi\u00e9n podemos utilizarla para personalizar su experiencia con nosotros.<\/li>\n<li><strong>Para conocer sus intereses<\/strong>. Por ejemplo, podemos utilizar su informaci\u00f3n para comprender mejor qu\u00e9 productos le interesan en funci\u00f3n de la informaci\u00f3n que recopilamos sobre usted y su hogar.<\/li>\n<li><strong>Para comunicarnos con usted.<\/strong> Podemos comunicarnos con usted sobre su cuenta o nuestra relaci\u00f3n. Tambi\u00e9n podemos ponernos en contacto con usted en relaci\u00f3n con esta Pol\u00edtica de Privacidad o con las Condiciones de Uso del Sitio Web y las Condiciones de Comercio Electr\u00f3nico.<\/li>\n<li><strong>Para proporcionarle informaci\u00f3n sobre nuevos productos y ofertas especiales que puedan interesarle.<\/strong> Podemos utilizar su informaci\u00f3n para ofrecerle anuncios sobre productos y ofertas.<\/li>\n<li>Para fines de seguridad. Esto podr\u00eda incluir la protecci\u00f3n de nuestra empresa, de nuestros clientes como usted y de nuestro Sitio.<\/li>\n<li><strong>Para responder a sus pedidos o preguntas.<\/strong> Esto puede incluir responder a sus comentarios como cliente.<\/li>\n<\/ul>\n<p>&nbsp;<\/p>\n<p><strong><em>Para otros fines:<\/em><\/strong><\/p>\n<ul>\n<li><strong>Seg\u00fan lo permita la ley o seg\u00fan le notifiquemos.<\/strong><\/li>\n<\/ul>\n<p>&nbsp;<\/p>\n<p><strong>C\u00d3MO COMPARTIMOS SU INFORMACI\u00d3N<\/strong><\/p>\n<p>Podemos compartir su informaci\u00f3n de las siguientes maneras:<\/p>\n<ul>\n<li>Podemos compartir su informaci\u00f3n con nuestros afiliados.<\/li>\n<li><strong>En nuestro Sitio<\/strong>. Por ejemplo, podemos mostrar la informaci\u00f3n que usted publique en nuestra secci\u00f3n de calificaciones y rese\u00f1as.<\/li>\n<li><strong>Con nuestros proveedores de servicios<\/strong>. Podemos compartir su informaci\u00f3n con terceros que prestan servicios en nuestro nombre. Por ejemplo, esto puede incluir procesadores de pagos o sitios web de rese\u00f1as, o empresas que env\u00edan correos electr\u00f3nicos en nuestro nombre.<\/li>\n<li><strong>Con terceros con fines de marketing<\/strong>. Esto puede incluir a terceros en cuyos productos o servicios creemos que usted puede estar interesado. Estos terceros tambi\u00e9n pueden compartir su informaci\u00f3n con otros. Estos terceros pueden utilizar su informaci\u00f3n para sus propios fines de marketing o para los fines de marketing de otros. Esto puede incluir la entrega de publicidad basada en intereses.<\/li>\n<li><strong>Con cualquier sucesor de todo o parte de nuestro negocio.<\/strong> Por ejemplo, en caso de que Mantion se fusione, adquiera o sea adquirida por otra entidad comercial. Esto puede incluir una venta de activos, una reorganizaci\u00f3n corporativa u otro cambio de control.<\/li>\n<li><strong>Para cumplir con la ley o para protegernos<\/strong>. Por ejemplo, esto podr\u00eda incluir la respuesta a una orden judicial o citaci\u00f3n. Tambi\u00e9n podr\u00eda incluir compartir informaci\u00f3n si una agencia gubernamental u organismo de investigaci\u00f3n lo solicita. Podemos compartir informaci\u00f3n cuando estamos investigando un posible fraude.<\/li>\n<li><strong>Por otras razones que podamos describirle de vez en cuando.<\/strong><\/li>\n<\/ul>\n<p><strong>\u00a0<\/strong><\/p>\n<p><strong>SEGURIDAD<\/strong><\/p>\n<p>La Internet no es 100% segura. Lamentablemente, no podemos prometer que el uso de nuestro Sitio sea completamente seguro. Le recomendamos que tenga cuidado cuando utilice Internet. Utilizamos medidas razonables para salvaguardar la informaci\u00f3n personal que est\u00e1 bajo nuestro control. Para acceder a determinadas \u00e1reas de nuestro Sitio se necesita un identificador de usuario y una contrase\u00f1a. Es su responsabilidad proteger dichas informaciones.<\/p>\n<p><strong>\u00a0<\/strong><\/p>\n<p><strong>ALMACENAMIENTO DE LA INFORMACI\u00d3N<\/strong><\/p>\n<p>La informaci\u00f3n que mantenemos puede ser almacenada en los Estados Unidos. Si usted vive fuera de los Estados Unidos, entiende y acepta que podemos transferir su informaci\u00f3n personal a los Estados Unidos. Este Sitio est\u00e1 sujeto a las leyes de Estados Unidos, que pueden no ofrecer el mismo nivel de protecci\u00f3n que las de su propio pa\u00eds.<\/p>\n<p><strong>\u00a0<\/strong><\/p>\n<p><strong>ENLACES DE TERCEROS<\/strong><\/p>\n<p>Nuestro Sitio puede contener enlaces a otros sitios web de terceros que no se rigen por nuestra Pol\u00edtica de Privacidad. Si hace clic en alguno de esos enlaces, ser\u00e1 conducido a un sitio web que no controlamos. Le sugerimos que lea atentamente las pol\u00edticas de privacidad de esos sitios web, pues no somos responsables de las pr\u00e1cticas de privacidad utilizadas en estos sitios de terceros.<\/p>\n<p><strong>\u00a0<\/strong><\/p>\n<p><strong>C\u00d3MO PONERSE EN CONTACTO CON NOSOTROS<\/strong><\/p>\n<p>Si tiene alguna pregunta, comentario o duda con respecto a nuestras pr\u00e1cticas de privacidad o a esta Pol\u00edtica de Privacidad, no dude en ponerse en contacto con nosotros. Nuestros representantes estar\u00e1n encantados de atenderlo, de lunes a viernes, de 8:30 a 16:15. Puede ponerse en contacto con nosotros por tel\u00e9fono, llamando al +33 (0) 3 81 50 56 77, por correo electr\u00f3nico en <a href=\"mailto: cliente.es@slidup.com\"> cliente.es@slidup.com<\/a> o a trav\u00e9s de nuestro chat en vivo.<\/p>\n<p>&nbsp;<\/p>\n<p><strong>ALTERNATIVAS RELACIONADAS CON SU INFORMACI\u00d3N<\/strong><\/p>\n<p>Usted tiene algunas alternativas sobre c\u00f3mo usamos su informaci\u00f3n.<\/p>\n<p><strong>\u00a0<\/strong><\/p>\n<p><strong>Correo electr\u00f3nico:<\/strong><\/p>\n<ul>\n<li>Utilice el enlace para cancelar la suscripci\u00f3n de cualquier correo electr\u00f3nico promocional de Mantion.<\/li>\n<li>Utilice este enlace para darse de baja de todos los futuros correos electr\u00f3nicos promocionales: <a href=\"https:\/\/www.slidup.com\/es\/contactenos\/\">Formulario de contacto<\/a><\/li>\n<\/ul>\n<p>&nbsp;<\/p>\n<p><strong>Mensajes de texto y cupones m\u00f3viles<\/strong>: siga las instrucciones de exclusi\u00f3n proporcionadas en nuestro mensaje de texto o cup\u00f3n m\u00f3vil.<\/p>\n<p><strong>Tel\u00e9fono<\/strong>: llame al Servicio de Atenci\u00f3n al Cliente al +33 (0) 3 81 50 56 77<\/p>\n<p><strong>Cookies y Tecnolog\u00edas Similares:<\/strong><\/p>\n<p>Su navegador puede ofrecerle la posibilidad de controlar las cookies. La forma de hacerlo depende del tipo de cookie. Algunos navegadores pueden configurarse para rechazar las cookies del navegador. Otros navegadores tienen funciones de \u201cno rastrear\u201d que le permiten indicar a un Sitio web que no lo rastree. Si bloquea las cookies, es posible que algunas funciones de nuestro Sitio no funcionen. Si bloquea o rechaza las cookies, no se detendr\u00e1 todo el rastreo descrito aqu\u00ed. Algunas opciones que usted selecciona son espec\u00edficas del navegador y del dispositivo.<\/p>\n<p><strong>CAMBIOS EN LA POL\u00cdTICA<\/strong><\/p>\n<p>Podemos hacer cambios en nuestra Pol\u00edtica de Privacidad de manera peri\u00f3dica y tal como lo exige la ley, nos encargaremos de notificarle de cualquier cambio sustancial que hagamos en ella. Tambi\u00e9n publicaremos una copia actualizada en nuestro Sitio. Por favor, chequee las actualizaciones de nuestro Sitio web peri\u00f3dicamente.<\/p>\n","protected":false},"excerpt":{"rendered":"<p>Pol\u00edtica de Privacidad \u00daltima actualizaci\u00f3n: 28 de abril de 2024 ALCANCE Esta Pol\u00edtica de Privacidad describe c\u00f3mo MANTION SAS &#8211; SLID&#8217;UP, sus afiliados y algunos de sus proveedores de servicios de terceros tratan la informaci\u00f3n personal de los clientes en nuestro Sitio web (el \u201cSitio\u201d). En esta Pol\u00edtica de Privacidad, cuando decimos \u201cMantion\u201d o \u201cnosotros\u201d, &hellip; <a href=\"https:\/\/www.slidup.com\/es\/politica-de-privacidad\/\">Continued<\/a><\/p>\n","protected":false},"author":2441,"featured_media":0,"parent":0,"menu_order":0,"comment_status":"closed","ping_status":"closed","template":"template-pages\/tpl-privacy-policy.php","meta":{"_relevanssi_hide_post":"","_relevanssi_hide_content":"","_relevanssi_pin_for_all":"","_relevanssi_pin_keywords":"","_relevanssi_unpin_keywords":"","_relevanssi_related_keywords":"","_relevanssi_related_include_ids":"","_relevanssi_related_exclude_ids":"","_relevanssi_related_no_append":"","_relevanssi_related_not_related":"","_relevanssi_related_posts":"","_relevanssi_noindex_reason":"","footnotes":""},"class_list":["post-11507","page","type-page","status-publish","hentry"],"acf":[],"yoast_head":"<!-- This site is optimized with the Yoast SEO plugin v23.6 - https:\/\/yoast.com\/wordpress\/plugins\/seo\/ -->\n<title>Pol\u00edtica de Privacidad - SLID&#039;UP by MANTION USA<\/title>\n<meta name=\"description\" content=\"Descubra toda la informaci\u00f3n sobre nuestra pol\u00edtica de privacidad.\" \/>\n<meta name=\"robots\" content=\"index, follow, max-snippet:-1, max-image-preview:large, max-video-preview:-1\" \/>\n<link rel=\"canonical\" href=\"https:\/\/www.slidup.com\/es\/politica-de-privacidad\/\" \/>\n<meta property=\"og:locale\" content=\"es_ES\" \/>\n<meta property=\"og:type\" content=\"article\" \/>\n<meta property=\"og:title\" content=\"Pol\u00edtica de Privacidad - SLID&#039;UP by MANTION USA\" \/>\n<meta property=\"og:description\" content=\"Descubra toda la informaci\u00f3n sobre nuestra pol\u00edtica de privacidad.\" \/>\n<meta property=\"og:url\" content=\"https:\/\/www.slidup.com\/es\/politica-de-privacidad\/\" \/>\n<meta property=\"og:site_name\" content=\"SLID\u2019UP by Mantion\" \/>\n<meta property=\"article:modified_time\" content=\"2025-11-25T18:45:04+00:00\" \/>\n<meta name=\"twitter:card\" content=\"summary_large_image\" \/>\n<meta name=\"twitter:label1\" content=\"Tiempo de lectura\" \/>\n\t<meta name=\"twitter:data1\" content=\"8 minutos\" \/>\n<script type=\"application\/ld+json\" class=\"yoast-schema-graph\">{\"@context\":\"https:\/\/schema.org\",\"@graph\":[{\"@type\":\"WebPage\",\"@id\":\"https:\/\/www.slidup.com\/es\/politica-de-privacidad\/\",\"url\":\"https:\/\/www.slidup.com\/es\/politica-de-privacidad\/\",\"name\":\"Pol\u00edtica de Privacidad - SLID'UP by MANTION USA\",\"isPartOf\":{\"@id\":\"https:\/\/www.slidup.com\/es\/es\/#website\"},\"datePublished\":\"2022-02-18T21:01:49+00:00\",\"dateModified\":\"2025-11-25T18:45:04+00:00\",\"description\":\"Descubra toda la informaci\u00f3n sobre nuestra pol\u00edtica de privacidad.\",\"breadcrumb\":{\"@id\":\"https:\/\/www.slidup.com\/es\/politica-de-privacidad\/#breadcrumb\"},\"inLanguage\":\"es\",\"potentialAction\":[{\"@type\":\"ReadAction\",\"target\":[\"https:\/\/www.slidup.com\/es\/politica-de-privacidad\/\"]}]},{\"@type\":\"BreadcrumbList\",\"@id\":\"https:\/\/www.slidup.com\/es\/politica-de-privacidad\/#breadcrumb\",\"itemListElement\":[{\"@type\":\"ListItem\",\"position\":1,\"name\":\"Inicio\",\"item\":\"https:\/\/www.slidup.com\/es\/\"},{\"@type\":\"ListItem\",\"position\":2,\"name\":\"Pol\u00edtica de Privacidad\"}]},{\"@type\":\"WebSite\",\"@id\":\"https:\/\/www.slidup.com\/es\/es\/#website\",\"url\":\"https:\/\/www.slidup.com\/es\/es\/\",\"name\":\"SLID\u2019UP by Mantion\",\"description\":\"\",\"publisher\":{\"@id\":\"https:\/\/www.slidup.com\/es\/es\/#organization\"},\"potentialAction\":[{\"@type\":\"SearchAction\",\"target\":{\"@type\":\"EntryPoint\",\"urlTemplate\":\"https:\/\/www.slidup.com\/es\/es\/?s={search_term_string}\"},\"query-input\":{\"@type\":\"PropertyValueSpecification\",\"valueRequired\":true,\"valueName\":\"search_term_string\"}}],\"inLanguage\":\"es\"},{\"@type\":\"Organization\",\"@id\":\"https:\/\/www.slidup.com\/es\/es\/#organization\",\"name\":\"SLID\u2019UP by Mantion\",\"url\":\"https:\/\/www.slidup.com\/es\/es\/\",\"logo\":{\"@type\":\"ImageObject\",\"inLanguage\":\"es\",\"@id\":\"https:\/\/www.slidup.com\/es\/es\/#\/schema\/logo\/image\/\",\"url\":\"https:\/\/www.slidup.com\/es\/wp-content\/uploads\/sites\/2\/2023\/11\/logo-300x86-1.png\",\"contentUrl\":\"https:\/\/www.slidup.com\/es\/wp-content\/uploads\/sites\/2\/2023\/11\/logo-300x86-1.png\",\"width\":300,\"height\":86,\"caption\":\"SLID\u2019UP by Mantion\"},\"image\":{\"@id\":\"https:\/\/www.slidup.com\/es\/es\/#\/schema\/logo\/image\/\"}}]}<\/script>\n<!-- \/ Yoast SEO plugin. -->","yoast_head_json":{"title":"Pol\u00edtica de Privacidad - SLID'UP by MANTION USA","description":"Descubra toda la informaci\u00f3n sobre nuestra pol\u00edtica de privacidad.","robots":{"index":"index","follow":"follow","max-snippet":"max-snippet:-1","max-image-preview":"max-image-preview:large","max-video-preview":"max-video-preview:-1"},"canonical":"https:\/\/www.slidup.com\/es\/politica-de-privacidad\/","og_locale":"es_ES","og_type":"article","og_title":"Pol\u00edtica de Privacidad - SLID'UP by MANTION USA","og_description":"Descubra toda la informaci\u00f3n sobre nuestra pol\u00edtica de privacidad.","og_url":"https:\/\/www.slidup.com\/es\/politica-de-privacidad\/","og_site_name":"SLID\u2019UP by Mantion","article_modified_time":"2025-11-25T18:45:04+00:00","twitter_card":"summary_large_image","twitter_misc":{"Tiempo de lectura":"8 minutos"},"schema":{"@context":"https:\/\/schema.org","@graph":[{"@type":"WebPage","@id":"https:\/\/www.slidup.com\/es\/politica-de-privacidad\/","url":"https:\/\/www.slidup.com\/es\/politica-de-privacidad\/","name":"Pol\u00edtica de Privacidad - SLID'UP by MANTION USA","isPartOf":{"@id":"https:\/\/www.slidup.com\/es\/es\/#website"},"datePublished":"2022-02-18T21:01:49+00:00","dateModified":"2025-11-25T18:45:04+00:00","description":"Descubra toda la informaci\u00f3n sobre nuestra pol\u00edtica de privacidad.","breadcrumb":{"@id":"https:\/\/www.slidup.com\/es\/politica-de-privacidad\/#breadcrumb"},"inLanguage":"es","potentialAction":[{"@type":"ReadAction","target":["https:\/\/www.slidup.com\/es\/politica-de-privacidad\/"]}]},{"@type":"BreadcrumbList","@id":"https:\/\/www.slidup.com\/es\/politica-de-privacidad\/#breadcrumb","itemListElement":[{"@type":"ListItem","position":1,"name":"Inicio","item":"https:\/\/www.slidup.com\/es\/"},{"@type":"ListItem","position":2,"name":"Pol\u00edtica de Privacidad"}]},{"@type":"WebSite","@id":"https:\/\/www.slidup.com\/es\/es\/#website","url":"https:\/\/www.slidup.com\/es\/es\/","name":"SLID\u2019UP by Mantion","description":"","publisher":{"@id":"https:\/\/www.slidup.com\/es\/es\/#organization"},"potentialAction":[{"@type":"SearchAction","target":{"@type":"EntryPoint","urlTemplate":"https:\/\/www.slidup.com\/es\/es\/?s={search_term_string}"},"query-input":{"@type":"PropertyValueSpecification","valueRequired":true,"valueName":"search_term_string"}}],"inLanguage":"es"},{"@type":"Organization","@id":"https:\/\/www.slidup.com\/es\/es\/#organization","name":"SLID\u2019UP by Mantion","url":"https:\/\/www.slidup.com\/es\/es\/","logo":{"@type":"ImageObject","inLanguage":"es","@id":"https:\/\/www.slidup.com\/es\/es\/#\/schema\/logo\/image\/","url":"https:\/\/www.slidup.com\/es\/wp-content\/uploads\/sites\/2\/2023\/11\/logo-300x86-1.png","contentUrl":"https:\/\/www.slidup.com\/es\/wp-content\/uploads\/sites\/2\/2023\/11\/logo-300x86-1.png","width":300,"height":86,"caption":"SLID\u2019UP by Mantion"},"image":{"@id":"https:\/\/www.slidup.com\/es\/es\/#\/schema\/logo\/image\/"}}]}},"_links":{"self":[{"href":"https:\/\/www.slidup.com\/es\/wp-json\/wp\/v2\/pages\/11507"}],"collection":[{"href":"https:\/\/www.slidup.com\/es\/wp-json\/wp\/v2\/pages"}],"about":[{"href":"https:\/\/www.slidup.com\/es\/wp-json\/wp\/v2\/types\/page"}],"author":[{"embeddable":true,"href":"https:\/\/www.slidup.com\/es\/wp-json\/wp\/v2\/users\/2441"}],"replies":[{"embeddable":true,"href":"https:\/\/www.slidup.com\/es\/wp-json\/wp\/v2\/comments?post=11507"}],"version-history":[{"count":6,"href":"https:\/\/www.slidup.com\/es\/wp-json\/wp\/v2\/pages\/11507\/revisions"}],"predecessor-version":[{"id":80348,"href":"https:\/\/www.slidup.com\/es\/wp-json\/wp\/v2\/pages\/11507\/revisions\/80348"}],"wp:attachment":[{"href":"https:\/\/www.slidup.com\/es\/wp-json\/wp\/v2\/media?parent=11507"}],"curies":[{"name":"wp","href":"https:\/\/api.w.org\/{rel}","templated":true}]}}