{"id":6015,"date":"2020-03-11T09:10:40","date_gmt":"2020-03-11T13:10:40","guid":{"rendered":"https:\/\/www.slidup.com\/ca\/how-to-choose-your-sliding-door-hardware\/"},"modified":"2024-09-18T10:50:04","modified_gmt":"2024-09-18T15:50:04","slug":"choisir-votre-systeme-coulissant","status":"publish","type":"page","link":"https:\/\/www.slidup.com\/ca\/fr\/choisir-votre-systeme-coulissant\/","title":{"rendered":"Choisir votre syst\u00e8me coulissant"},"content":{"rendered":"<h1>Comment choisir son syst\u00e8me de rail pour porte coulissante ?<\/h1>\n<p><em>Vous avez un projet de cr\u00e9ation de placard, de garde-robe, ou vous souhaitez simplement opter pour une porte d&rsquo;int\u00e9rieur coulissante plut\u00f4t qu&rsquo;une porte battante ?<\/em><\/p>\n<p><em>Slidup.com vous propose une gamme compl\u00e8te de syst\u00e8mes de rails pour portes coulissantes pouvant r\u00e9pondre \u00e0 tous vos besoins : kits complets pr\u00eats \u00e0 la pose (cl\u00e9s incluses), rails, garnitures, poign\u00e9es, bandeau de finition, accessoires divers&#8230;<\/em><\/p>\n<p><em>R\u00e9alisez vous-m\u00eame vos portes coulissantes avec nos syst\u00e8mes de qualit\u00e9, vous offrant plus de confort, de solidit\u00e9 et d&rsquo;esth\u00e9tisme.<\/em><\/p>\n<h4>Avantages d&rsquo;un syst\u00e8me de rail pour porte coulissante :<\/h4>\n<ul>\n<li><strong>Gain de place <\/strong>: par rapport \u00e0 l&rsquo;installation d&rsquo;une porte battante classique<\/li>\n<li><strong>Diff\u00e9rentes applications <\/strong>: porte coulissante d&rsquo;int\u00e9rieur ou d&rsquo;ext\u00e9rieur, cloison entre deux pi\u00e8ces, porte coulissante de meuble, de placards ou de garde-robe, porte coulissante pliante&#8230;<\/li>\n<li><strong>Adaptable \u00e0 tout type de porte :<\/strong>\u00a0en bois ou en verre, en respectant les poids et \u00e9paisseurs indiqu\u00e9s. Les rails vendus par Slidup.com sont recoupables, ils s&rsquo;adaptent donc facilement \u00e0 la largeur de vos ouvertures.<\/li>\n<\/ul>\n","protected":false},"excerpt":{"rendered":"<p>Comment choisir son syst\u00e8me de rail pour porte coulissante ? Vous avez un projet de cr\u00e9ation de placard, de garde-robe, ou vous souhaitez simplement opter pour une porte d&rsquo;int\u00e9rieur coulissante plut\u00f4t qu&rsquo;une porte battante ? Slidup.com vous propose une gamme compl\u00e8te de syst\u00e8mes de rails pour portes coulissantes pouvant r\u00e9pondre \u00e0 tous vos besoins : &hellip; <a href=\"https:\/\/www.slidup.com\/ca\/fr\/choisir-votre-systeme-coulissant\/\">Continued<\/a><\/p>\n","protected":false},"author":4,"featured_media":2733,"parent":0,"menu_order":0,"comment_status":"closed","ping_status":"closed","template":"template-pages\/tpl-how-to-choose-sliding-door-hardware.php","meta":{"_relevanssi_hide_post":"","_relevanssi_hide_content":"","_relevanssi_pin_for_all":"","_relevanssi_pin_keywords":"","_relevanssi_unpin_keywords":"","_relevanssi_related_keywords":"","_relevanssi_related_include_ids":"","_relevanssi_related_exclude_ids":"","_relevanssi_related_no_append":"","_relevanssi_related_not_related":"","_relevanssi_related_posts":"","_relevanssi_noindex_reason":"","footnotes":""},"class_list":["post-6015","page","type-page","status-publish","has-post-thumbnail","hentry"],"acf":[],"yoast_head":"<!-- This site is optimized with the Yoast SEO plugin v26.2 - https:\/\/yoast.com\/wordpress\/plugins\/seo\/ -->\n<title>Comment choisir votre syst\u00e8me coulissant - SLID&#039;UP by MANTION<\/title>\n<meta name=\"description\" content=\"D\u00e9couvrez comment choisir le syst\u00e8me de rail pour portes coulissantes le plus adapt\u00e9 \u00e0 votre projet. Pour portes en bois, verre, ext\u00e9rieur...\" \/>\n<meta name=\"robots\" content=\"index, follow, max-snippet:-1, max-image-preview:large, max-video-preview:-1\" \/>\n<link rel=\"canonical\" href=\"https:\/\/www.slidup.com\/ca\/fr\/choisir-votre-systeme-coulissant\/\" \/>\n<meta property=\"og:locale\" content=\"fr_CA\" \/>\n<meta property=\"og:type\" content=\"article\" \/>\n<meta property=\"og:title\" content=\"Comment choisir votre syst\u00e8me coulissant - SLID&#039;UP by MANTION\" \/>\n<meta property=\"og:description\" content=\"D\u00e9couvrez comment choisir le syst\u00e8me de rail pour portes coulissantes le plus adapt\u00e9 \u00e0 votre projet. Pour portes en bois, verre, ext\u00e9rieur...\" \/>\n<meta property=\"og:url\" content=\"https:\/\/www.slidup.com\/ca\/fr\/choisir-votre-systeme-coulissant\/\" \/>\n<meta property=\"og:site_name\" content=\"Slid&#039;up Canada\" \/>\n<meta property=\"article:modified_time\" content=\"2024-09-18T15:50:04+00:00\" \/>\n<meta property=\"og:image\" content=\"https:\/\/www.slidup.com\/ca\/wp-content\/uploads\/sites\/3\/2020\/05\/su5371_amb_bd_w_01.jpg\" \/>\n\t<meta property=\"og:image:width\" content=\"1000\" \/>\n\t<meta property=\"og:image:height\" content=\"1000\" \/>\n\t<meta property=\"og:image:type\" content=\"image\/jpeg\" \/>\n<meta name=\"twitter:card\" content=\"summary_large_image\" \/>\n<meta name=\"twitter:label1\" content=\"Estimation du temps de lecture\" \/>\n\t<meta name=\"twitter:data1\" content=\"1 minute\" \/>\n<script type=\"application\/ld+json\" class=\"yoast-schema-graph\">{\"@context\":\"https:\/\/schema.org\",\"@graph\":[{\"@type\":\"WebPage\",\"@id\":\"https:\/\/www.slidup.com\/ca\/fr\/choisir-votre-systeme-coulissant\/\",\"url\":\"https:\/\/www.slidup.com\/ca\/fr\/choisir-votre-systeme-coulissant\/\",\"name\":\"Comment choisir votre syst\u00e8me coulissant - SLID'UP by MANTION\",\"isPartOf\":{\"@id\":\"https:\/\/www.slidup.com\/ca\/fr\/#website\"},\"primaryImageOfPage\":{\"@id\":\"https:\/\/www.slidup.com\/ca\/fr\/choisir-votre-systeme-coulissant\/#primaryimage\"},\"image\":{\"@id\":\"https:\/\/www.slidup.com\/ca\/fr\/choisir-votre-systeme-coulissant\/#primaryimage\"},\"thumbnailUrl\":\"https:\/\/www.slidup.com\/ca\/wp-content\/uploads\/sites\/3\/2020\/05\/su5371_amb_bd_w_01.jpg\",\"datePublished\":\"2020-03-11T13:10:40+00:00\",\"dateModified\":\"2024-09-18T15:50:04+00:00\",\"description\":\"D\u00e9couvrez comment choisir le syst\u00e8me de rail pour portes coulissantes le plus adapt\u00e9 \u00e0 votre projet. Pour portes en bois, verre, ext\u00e9rieur...\",\"breadcrumb\":{\"@id\":\"https:\/\/www.slidup.com\/ca\/fr\/choisir-votre-systeme-coulissant\/#breadcrumb\"},\"inLanguage\":\"fr-CA\",\"potentialAction\":[{\"@type\":\"ReadAction\",\"target\":[\"https:\/\/www.slidup.com\/ca\/fr\/choisir-votre-systeme-coulissant\/\"]}]},{\"@type\":\"ImageObject\",\"inLanguage\":\"fr-CA\",\"@id\":\"https:\/\/www.slidup.com\/ca\/fr\/choisir-votre-systeme-coulissant\/#primaryimage\",\"url\":\"https:\/\/www.slidup.com\/ca\/wp-content\/uploads\/sites\/3\/2020\/05\/su5371_amb_bd_w_01.jpg\",\"contentUrl\":\"https:\/\/www.slidup.com\/ca\/wp-content\/uploads\/sites\/3\/2020\/05\/su5371_amb_bd_w_01.jpg\",\"width\":1000,\"height\":1000,\"caption\":\"Ambiance image of our aluminum fascia cover for SLID\u2019UP 190\"},{\"@type\":\"BreadcrumbList\",\"@id\":\"https:\/\/www.slidup.com\/ca\/fr\/choisir-votre-systeme-coulissant\/#breadcrumb\",\"itemListElement\":[{\"@type\":\"ListItem\",\"position\":1,\"name\":\"Home\",\"item\":\"https:\/\/www.slidup.com\/ca\/fr\/\"},{\"@type\":\"ListItem\",\"position\":2,\"name\":\"Choisir votre syst\u00e8me coulissant\"}]},{\"@type\":\"WebSite\",\"@id\":\"https:\/\/www.slidup.com\/ca\/fr\/#website\",\"url\":\"https:\/\/www.slidup.com\/ca\/fr\/\",\"name\":\"Slid'up Canada\",\"description\":\"\",\"publisher\":{\"@id\":\"https:\/\/www.slidup.com\/ca\/fr\/#organization\"},\"potentialAction\":[{\"@type\":\"SearchAction\",\"target\":{\"@type\":\"EntryPoint\",\"urlTemplate\":\"https:\/\/www.slidup.com\/ca\/fr\/?s={search_term_string}\"},\"query-input\":{\"@type\":\"PropertyValueSpecification\",\"valueRequired\":true,\"valueName\":\"search_term_string\"}}],\"inLanguage\":\"fr-CA\"},{\"@type\":\"Organization\",\"@id\":\"https:\/\/www.slidup.com\/ca\/fr\/#organization\",\"name\":\"Slid'up Canada\",\"url\":\"https:\/\/www.slidup.com\/ca\/fr\/\",\"logo\":{\"@type\":\"ImageObject\",\"inLanguage\":\"fr-CA\",\"@id\":\"https:\/\/www.slidup.com\/ca\/fr\/#\/schema\/logo\/image\/\",\"url\":\"https:\/\/www.slidup.com\/ca\/wp-content\/uploads\/sites\/3\/2023\/11\/logo-300x86-1.png\",\"contentUrl\":\"https:\/\/www.slidup.com\/ca\/wp-content\/uploads\/sites\/3\/2023\/11\/logo-300x86-1.png\",\"width\":300,\"height\":86,\"caption\":\"Slid'up Canada\"},\"image\":{\"@id\":\"https:\/\/www.slidup.com\/ca\/fr\/#\/schema\/logo\/image\/\"}}]}<\/script>\n<!-- \/ Yoast SEO plugin. -->","yoast_head_json":{"title":"Comment choisir votre syst\u00e8me coulissant - SLID'UP by MANTION","description":"D\u00e9couvrez comment choisir le syst\u00e8me de rail pour portes coulissantes le plus adapt\u00e9 \u00e0 votre projet. Pour portes en bois, verre, ext\u00e9rieur...","robots":{"index":"index","follow":"follow","max-snippet":"max-snippet:-1","max-image-preview":"max-image-preview:large","max-video-preview":"max-video-preview:-1"},"canonical":"https:\/\/www.slidup.com\/ca\/fr\/choisir-votre-systeme-coulissant\/","og_locale":"fr_CA","og_type":"article","og_title":"Comment choisir votre syst\u00e8me coulissant - SLID'UP by MANTION","og_description":"D\u00e9couvrez comment choisir le syst\u00e8me de rail pour portes coulissantes le plus adapt\u00e9 \u00e0 votre projet. Pour portes en bois, verre, ext\u00e9rieur...","og_url":"https:\/\/www.slidup.com\/ca\/fr\/choisir-votre-systeme-coulissant\/","og_site_name":"Slid&#039;up Canada","article_modified_time":"2024-09-18T15:50:04+00:00","og_image":[{"width":1000,"height":1000,"url":"https:\/\/www.slidup.com\/ca\/wp-content\/uploads\/sites\/3\/2020\/05\/su5371_amb_bd_w_01.jpg","type":"image\/jpeg"}],"twitter_card":"summary_large_image","twitter_misc":{"Estimation du temps de lecture":"1 minute"},"schema":{"@context":"https:\/\/schema.org","@graph":[{"@type":"WebPage","@id":"https:\/\/www.slidup.com\/ca\/fr\/choisir-votre-systeme-coulissant\/","url":"https:\/\/www.slidup.com\/ca\/fr\/choisir-votre-systeme-coulissant\/","name":"Comment choisir votre syst\u00e8me coulissant - SLID'UP by MANTION","isPartOf":{"@id":"https:\/\/www.slidup.com\/ca\/fr\/#website"},"primaryImageOfPage":{"@id":"https:\/\/www.slidup.com\/ca\/fr\/choisir-votre-systeme-coulissant\/#primaryimage"},"image":{"@id":"https:\/\/www.slidup.com\/ca\/fr\/choisir-votre-systeme-coulissant\/#primaryimage"},"thumbnailUrl":"https:\/\/www.slidup.com\/ca\/wp-content\/uploads\/sites\/3\/2020\/05\/su5371_amb_bd_w_01.jpg","datePublished":"2020-03-11T13:10:40+00:00","dateModified":"2024-09-18T15:50:04+00:00","description":"D\u00e9couvrez comment choisir le syst\u00e8me de rail pour portes coulissantes le plus adapt\u00e9 \u00e0 votre projet. Pour portes en bois, verre, ext\u00e9rieur...","breadcrumb":{"@id":"https:\/\/www.slidup.com\/ca\/fr\/choisir-votre-systeme-coulissant\/#breadcrumb"},"inLanguage":"fr-CA","potentialAction":[{"@type":"ReadAction","target":["https:\/\/www.slidup.com\/ca\/fr\/choisir-votre-systeme-coulissant\/"]}]},{"@type":"ImageObject","inLanguage":"fr-CA","@id":"https:\/\/www.slidup.com\/ca\/fr\/choisir-votre-systeme-coulissant\/#primaryimage","url":"https:\/\/www.slidup.com\/ca\/wp-content\/uploads\/sites\/3\/2020\/05\/su5371_amb_bd_w_01.jpg","contentUrl":"https:\/\/www.slidup.com\/ca\/wp-content\/uploads\/sites\/3\/2020\/05\/su5371_amb_bd_w_01.jpg","width":1000,"height":1000,"caption":"Ambiance image of our aluminum fascia cover for SLID\u2019UP 190"},{"@type":"BreadcrumbList","@id":"https:\/\/www.slidup.com\/ca\/fr\/choisir-votre-systeme-coulissant\/#breadcrumb","itemListElement":[{"@type":"ListItem","position":1,"name":"Home","item":"https:\/\/www.slidup.com\/ca\/fr\/"},{"@type":"ListItem","position":2,"name":"Choisir votre syst\u00e8me coulissant"}]},{"@type":"WebSite","@id":"https:\/\/www.slidup.com\/ca\/fr\/#website","url":"https:\/\/www.slidup.com\/ca\/fr\/","name":"Slid'up Canada","description":"","publisher":{"@id":"https:\/\/www.slidup.com\/ca\/fr\/#organization"},"potentialAction":[{"@type":"SearchAction","target":{"@type":"EntryPoint","urlTemplate":"https:\/\/www.slidup.com\/ca\/fr\/?s={search_term_string}"},"query-input":{"@type":"PropertyValueSpecification","valueRequired":true,"valueName":"search_term_string"}}],"inLanguage":"fr-CA"},{"@type":"Organization","@id":"https:\/\/www.slidup.com\/ca\/fr\/#organization","name":"Slid'up Canada","url":"https:\/\/www.slidup.com\/ca\/fr\/","logo":{"@type":"ImageObject","inLanguage":"fr-CA","@id":"https:\/\/www.slidup.com\/ca\/fr\/#\/schema\/logo\/image\/","url":"https:\/\/www.slidup.com\/ca\/wp-content\/uploads\/sites\/3\/2023\/11\/logo-300x86-1.png","contentUrl":"https:\/\/www.slidup.com\/ca\/wp-content\/uploads\/sites\/3\/2023\/11\/logo-300x86-1.png","width":300,"height":86,"caption":"Slid'up Canada"},"image":{"@id":"https:\/\/www.slidup.com\/ca\/fr\/#\/schema\/logo\/image\/"}}]}},"_links":{"self":[{"href":"https:\/\/www.slidup.com\/ca\/fr\/wp-json\/wp\/v2\/pages\/6015","targetHints":{"allow":["GET"]}}],"collection":[{"href":"https:\/\/www.slidup.com\/ca\/fr\/wp-json\/wp\/v2\/pages"}],"about":[{"href":"https:\/\/www.slidup.com\/ca\/fr\/wp-json\/wp\/v2\/types\/page"}],"author":[{"embeddable":true,"href":"https:\/\/www.slidup.com\/ca\/fr\/wp-json\/wp\/v2\/users\/4"}],"replies":[{"embeddable":true,"href":"https:\/\/www.slidup.com\/ca\/fr\/wp-json\/wp\/v2\/comments?post=6015"}],"version-history":[{"count":13,"href":"https:\/\/www.slidup.com\/ca\/fr\/wp-json\/wp\/v2\/pages\/6015\/revisions"}],"predecessor-version":[{"id":22289,"href":"https:\/\/www.slidup.com\/ca\/fr\/wp-json\/wp\/v2\/pages\/6015\/revisions\/22289"}],"wp:featuredmedia":[{"embeddable":true,"href":"https:\/\/www.slidup.com\/ca\/fr\/wp-json\/wp\/v2\/media\/2733"}],"wp:attachment":[{"href":"https:\/\/www.slidup.com\/ca\/fr\/wp-json\/wp\/v2\/media?parent=6015"}],"curies":[{"name":"wp","href":"https:\/\/api.w.org\/{rel}","templated":true}]}}